{"id":1220,"date":"2017-09-17T09:13:41","date_gmt":"2017-09-17T09:13:41","guid":{"rendered":"http:\/\/brfbolmen1.se\/?page_id=1220"},"modified":"2026-01-26T14:28:26","modified_gmt":"2026-01-26T13:28:26","slug":"fastighetsforvaltning","status":"publish","type":"page","link":"http:\/\/brfbolmen1.se\/?page_id=1220","title":{"rendered":"Fastighetsf\u00f6rvaltning \/ Felanm\u00e4lan"},"content":{"rendered":"<h3><strong><a href=\"https:\/\/nabo.se\/\">Nabo<\/a>\u00a0<span style=\"color: #333333;\">\u00e4r f\u00f6reningens avtalspart f\u00f6r och teknisk fastighetsf\u00f6rvaltning.<\/span><\/strong><\/h3>\n<p><strong>Felanm\u00e4lan g\u00f6rs direkt i formul\u00e4ret<\/strong> p\u00e5 Nabos hemsida <a href=\"http:\/\/nabo.se\/felanmalan\/\">www.nabo.se\/felanmalan<\/a><\/p>\n<p>Alternativt genom att maila eller ringa:<\/p>\n<p>Du n\u00e5r Nabo p\u00e5 telefonnummer <a style=\"font-weight: 300;\" href=\"tel:0102880026\" target=\"\" rel=\"noopener\">010-288 00 26. <\/a><\/p>\n<p>Telefontider f\u00f6r felanm\u00e4lan \u00e4r m\u00e5n-fre kl 07:300-16:00. Maila ditt \u00e4rende till <a href=\"mailto:felanmalan@delagott.se\">felanmalan@nabo.se.<\/a><\/p>\n<p><strong>Ordinarie ronderingsdag<\/strong> f\u00f6r Nabo \u00e4r <strong>torsdagar<\/strong>. I den m\u00e5n det \u00e4r m\u00f6jligt sker byte av trasiga lampor, namnbyte p\u00e5 portar o dyl i anslutning till ordinarie ronderingsdag.<\/p>\n<div>\n<div class=\"page\" title=\"Page 1\">\n<div class=\"layoutArea\">\n<div class=\"column\">\n<h3>Jour\u00e4renden<\/h3>\n<p>Utanf\u00f6r ordinarie arbetstid n\u00e5s jouren p\u00e5 <a href=\"tel:0102880011\" target=\"\" rel=\"noopener\">010-288 00 11<\/a><\/p>\n<p>Ett \u00e4rende \u00e4r akut om det kan leda till st\u00f6rre skador p\u00e5 fastigheten eller l\u00f6per risk att skada person eller egendom.<\/p>\n<p><strong>OBS! <\/strong>L\u00e4genhetsinnehavare som kallar p\u00e5 Jourservice f\u00f6r fel som ej kr\u00e4ver omedelbar \u00e5tg\u00e4rd f\u00e5r <strong>sj\u00e4lv svara f\u00f6r jourutryckningskostnaden<\/strong>, exempelvis:<\/p>\n<ul>\n<li>stopp i tv\u00e4ttst\u00e4ll, diskho eller annat mindre avlopp<\/li>\n<li>mindre elfel<\/li>\n<li>dropp fr\u00e5n kran<\/li>\n<\/ul>\n<\/div>\n<\/div>\n<\/div>\n<\/div>\n<p><strong>Bostadsr\u00e4tts\u00e4gare<\/strong> ska <strong>alltid<\/strong> anm\u00e4la akuta fel som uppst\u00e5r i bostaden hos Nabi. Icke akuta \u00e5tg\u00e4rder kan best\u00e4llas hos Nabo eller annan valfri auktoriserad hantverkare. \u00c5tg\u00e4rder i egen bostad bekostas av \u00e4garen.<\/p>\n<p><strong>Hyresg\u00e4ster<\/strong> i f\u00f6reningen kontaktar Nabo f\u00f6r b\u00e5de akuta och icke akuta \u00e5tg\u00e4rder.<\/p>\n<p>Exempel <strong>akuta<\/strong> fel:<\/p>\n<ul>\n<li>problem att komma in i porten pga tekniska fel<\/li>\n<li>driftstopp i v\u00e4rmeanl\u00e4ggning<\/li>\n<li>elavbrott som ej \u00e4r kopplat till den egna l\u00e4genhetscentralen (automats\u00e4kringar)<\/li>\n<li>\u00f6versv\u00e4mning<\/li>\n<\/ul>\n<p>F\u00f6r vidare information om vad bostadsr\u00e4ttshavare sj\u00e4lva ansvarar f\u00f6r och vad f\u00f6reningen ansvarar f\u00f6r s\u00e5 h\u00e4nvisar vi till stadgarna.<\/p>\n<p>Kostnad f\u00f6r l\u00e5s\u00f6ppning svarar l\u00e4genhetsinnehavaren sj\u00e4lv f\u00f6r.<br \/>\n\u00c5tg\u00e4rder i allm\u00e4nna utrymmen utf\u00f6rs av Nabo och bekostas av f\u00f6reningen.<\/p>\n<ul>\n<li>Anm\u00e4l alltid fel i allm\u00e4nna utrymmen till Nabo.<\/li>\n<\/ul>\n<p>&nbsp;<\/p>\n","protected":false},"excerpt":{"rendered":"<p>Nabo\u00a0\u00e4r f\u00f6reningens avtalspart f\u00f6r och teknisk fastighetsf\u00f6rvaltning. Felanm\u00e4lan g\u00f6rs direkt i formul\u00e4ret p\u00e5 Nabos hemsida www.nabo.se\/felanmalan Alternativt genom att maila eller ringa: Du n\u00e5r Nabo p\u00e5 telefonnummer 010-288 00 26. Telefontider f\u00f6r felanm\u00e4lan \u00e4r m\u00e5n-fre kl 07:300-16:00. Maila ditt \u00e4rende till felanmalan@nabo.se. Ordinarie ronderingsdag f\u00f6r Nabo \u00e4r torsdagar. I den m\u00e5n det \u00e4r m\u00f6jligt sker [&hellip;]<\/p>\n","protected":false},"author":1,"featured_media":0,"parent":20,"menu_order":1,"comment_status":"closed","ping_status":"closed","template":"","meta":{"footnotes":""},"class_list":["post-1220","page","type-page","status-publish","hentry"],"_links":{"self":[{"href":"http:\/\/brfbolmen1.se\/index.php?rest_route=\/wp\/v2\/pages\/1220","targetHints":{"allow":["GET"]}}],"collection":[{"href":"http:\/\/brfbolmen1.se\/index.php?rest_route=\/wp\/v2\/pages"}],"about":[{"href":"http:\/\/brfbolmen1.se\/index.php?rest_route=\/wp\/v2\/types\/page"}],"author":[{"embeddable":true,"href":"http:\/\/brfbolmen1.se\/index.php?rest_route=\/wp\/v2\/users\/1"}],"replies":[{"embeddable":true,"href":"http:\/\/brfbolmen1.se\/index.php?rest_route=%2Fwp%2Fv2%2Fcomments&post=1220"}],"version-history":[{"count":18,"href":"http:\/\/brfbolmen1.se\/index.php?rest_route=\/wp\/v2\/pages\/1220\/revisions"}],"predecessor-version":[{"id":2444,"href":"http:\/\/brfbolmen1.se\/index.php?rest_route=\/wp\/v2\/pages\/1220\/revisions\/2444"}],"up":[{"embeddable":true,"href":"http:\/\/brfbolmen1.se\/index.php?rest_route=\/wp\/v2\/pages\/20"}],"wp:attachment":[{"href":"http:\/\/brfbolmen1.se\/index.php?rest_route=%2Fwp%2Fv2%2Fmedia&parent=1220"}],"curies":[{"name":"wp","href":"https:\/\/api.w.org\/{rel}","templated":true}]}}