{"id":106,"date":"2013-01-04T19:11:51","date_gmt":"2013-01-04T19:11:51","guid":{"rendered":"http:\/\/brfbolmen1.se\/?page_id=106"},"modified":"2026-01-18T13:55:17","modified_gmt":"2026-01-18T12:55:17","slug":"underhall-och-ansvarfordelning","status":"publish","type":"page","link":"https:\/\/brfbolmen1.se\/?page_id=106","title":{"rendered":"Underh\u00e5ll"},"content":{"rendered":"<h3><strong>Renovering av din l\u00e4genhet<\/strong><\/h3>\n<p>Hur f\u00e5r jag renovera? Vad inneb\u00e4r gr\u00f6n K-m\u00e4rkning? Var g\u00e5r gr\u00e4nsen mellan mitt ansvar och f\u00f6reningens? L\u00e4s specifikation om <a href=\"http:\/\/brfbolmen1.se\/wp-content\/uploads\/Info\/Regler\/UNDERH\u00c5LL-OCH-ANSVARSF\u00d6RDELNING.pdf\">Underh\u00e5ll och ansvarsf\u00f6rdelning (pdf)<\/a><\/p>\n<p><a href=\"https:\/\/brfbolmen1.se\/?page_id=493\">Renoveringsregler finns h\u00e4r<\/a>. (l\u00e4nk)<\/p>\n<hr \/>\n<p><strong>F\u00f6ljande entrepren\u00f6rer har avtal med f\u00f6reningen:<\/strong><br \/>\n\n<table id=\"tablepress-2\" class=\"tablepress tablepress-id-2\">\n<thead>\n<tr class=\"row-1\">\n\t<th class=\"column-1\">ANSVAR<\/th><th class=\"column-2\">ENTREPREN\u00d6R<\/th>\n<\/tr>\n<\/thead>\n<tbody class=\"row-striping row-hover\">\n<tr class=\"row-2\">\n\t<td class=\"column-1\">Fastighetsf\u00f6rvaltning<\/td><td class=\"column-2\">Nabo<\/td>\n<\/tr>\n<tr class=\"row-3\">\n\t<td class=\"column-1\">Ekonomisk f\u00f6rvaltning<\/td><td class=\"column-2\">Simpleko<\/td>\n<\/tr>\n<tr class=\"row-4\">\n\t<td class=\"column-1\">St\u00e4dning av allm\u00e4nna ytor (trapphus, tv\u00e4ttstugor etc)<\/td><td class=\"column-2\">KEAB Gruppen<\/td>\n<\/tr>\n<tr class=\"row-5\">\n\t<td class=\"column-1\">Parkf\u00f6rvaltning sommar<\/td><td class=\"column-2\">Stockholm Tr\u00e4dg\u00e5rdstj\u00e4nst<\/td>\n<\/tr>\n<tr class=\"row-6\">\n\t<td class=\"column-1\">Parkf\u00f6rvaltning Vinter<\/td><td class=\"column-2\">Fined Fastighetssk\u00f6tsel<\/td>\n<\/tr>\n<tr class=\"row-7\">\n\t<td class=\"column-1\">H\u00e4mtning av sopsortering<\/td><td class=\"column-2\">Remondis<\/td>\n<\/tr>\n<tr class=\"row-8\">\n\t<td class=\"column-1\">Eln\u00e4t<\/td><td class=\"column-2\">Ellevio<\/td>\n<\/tr>\n<tr class=\"row-9\">\n\t<td class=\"column-1\">Ellevarant\u00f6r<\/td><td class=\"column-2\">Fortum<\/td>\n<\/tr>\n<tr class=\"row-10\">\n\t<td class=\"column-1\">V\u00e4rmeleverant\u00f6r<\/td><td class=\"column-2\">Stockholm Exergi<\/td>\n<\/tr>\n<tr class=\"row-11\">\n\t<td class=\"column-1\">F\u00f6rs\u00e4kringsbolag<\/td><td class=\"column-2\">Protector<\/td>\n<\/tr>\n<tr class=\"row-12\">\n\t<td class=\"column-1\">Trygghetsjour<\/td><td class=\"column-2\">Svenska St\u00f6rningsjouren<\/td>\n<\/tr>\n<tr class=\"row-13\">\n\t<td class=\"column-1\">L\u00e5s och Nyckelservice<\/td><td class=\"column-2\">Hellgrens L\u00e5s<\/td>\n<\/tr>\n<tr class=\"row-14\">\n\t<td class=\"column-1\">Servicevtal undercentral<\/td><td class=\"column-2\">Energispar<\/td>\n<\/tr>\n<tr class=\"row-15\">\n\t<td class=\"column-1\">Prognosstyrning fj\u00e4rrv\u00e4rme<\/td><td class=\"column-2\">ERAB<\/td>\n<\/tr>\n<tr class=\"row-16\">\n\t<td class=\"column-1\">Parkerings\u00f6vervakning<\/td><td class=\"column-2\">Community Parking Sverige<\/td>\n<\/tr>\n<tr class=\"row-17\">\n\t<td class=\"column-1\">Skadedjursbek\u00e4mpning<\/td><td class=\"column-2\">Rentokil<\/td>\n<\/tr>\n<tr class=\"row-18\">\n\t<td class=\"column-1\">Bredbandsleverant\u00f6r<\/td><td class=\"column-2\">OwnIT<\/td>\n<\/tr>\n<tr class=\"row-19\">\n\t<td class=\"column-1\">Passersystem<\/td><td class=\"column-2\">Mysec<\/td>\n<\/tr>\n<tr class=\"row-20\">\n\t<td class=\"column-1\">Hush\u00e5llsavfall<\/td><td class=\"column-2\">Stockholm Vatten och Avfall<\/td>\n<\/tr>\n<tr class=\"row-21\">\n\t<td class=\"column-1\">Fibern\u00e4t<\/td><td class=\"column-2\">\u00c4gs av BRF Bolmen 1<\/td>\n<\/tr>\n<tr class=\"row-22\">\n\t<td class=\"column-1\">Kabeln\u00e4t f\u00f6r TV<\/td><td class=\"column-2\">ComHem<\/td>\n<\/tr>\n<\/tbody>\n<\/table>\n<!-- #tablepress-2 from cache --><\/p>\n","protected":false},"excerpt":{"rendered":"<p>Renovering av din l\u00e4genhet Hur f\u00e5r jag renovera? Vad inneb\u00e4r gr\u00f6n K-m\u00e4rkning? Var g\u00e5r gr\u00e4nsen mellan mitt ansvar och f\u00f6reningens? L\u00e4s specifikation om Underh\u00e5ll och ansvarsf\u00f6rdelning (pdf) Renoveringsregler finns h\u00e4r. (l\u00e4nk) F\u00f6ljande entrepren\u00f6rer har avtal med f\u00f6reningen:<\/p>\n","protected":false},"author":1,"featured_media":0,"parent":2,"menu_order":7,"comment_status":"closed","ping_status":"closed","template":"","meta":{"footnotes":""},"class_list":["post-106","page","type-page","status-publish","hentry"],"_links":{"self":[{"href":"https:\/\/brfbolmen1.se\/index.php?rest_route=\/wp\/v2\/pages\/106","targetHints":{"allow":["GET"]}}],"collection":[{"href":"https:\/\/brfbolmen1.se\/index.php?rest_route=\/wp\/v2\/pages"}],"about":[{"href":"https:\/\/brfbolmen1.se\/index.php?rest_route=\/wp\/v2\/types\/page"}],"author":[{"embeddable":true,"href":"https:\/\/brfbolmen1.se\/index.php?rest_route=\/wp\/v2\/users\/1"}],"replies":[{"embeddable":true,"href":"https:\/\/brfbolmen1.se\/index.php?rest_route=%2Fwp%2Fv2%2Fcomments&post=106"}],"version-history":[{"count":22,"href":"https:\/\/brfbolmen1.se\/index.php?rest_route=\/wp\/v2\/pages\/106\/revisions"}],"predecessor-version":[{"id":2435,"href":"https:\/\/brfbolmen1.se\/index.php?rest_route=\/wp\/v2\/pages\/106\/revisions\/2435"}],"up":[{"embeddable":true,"href":"https:\/\/brfbolmen1.se\/index.php?rest_route=\/wp\/v2\/pages\/2"}],"wp:attachment":[{"href":"https:\/\/brfbolmen1.se\/index.php?rest_route=%2Fwp%2Fv2%2Fmedia&parent=106"}],"curies":[{"name":"wp","href":"https:\/\/api.w.org\/{rel}","templated":true}]}}