{"id":1160,"date":"2017-03-30T06:22:30","date_gmt":"2017-03-30T06:22:30","guid":{"rendered":"http:\/\/brfbolmen1.se\/?page_id=1160"},"modified":"2025-10-12T01:08:05","modified_gmt":"2025-10-11T23:08:05","slug":"arsstamma-protokoll","status":"publish","type":"page","link":"https:\/\/brfbolmen1.se\/?page_id=1160","title":{"rendered":"\u00c5rsst\u00e4mma &#8211; Protokoll"},"content":{"rendered":"<p><a href=\"http:\/\/brfbolmen1.se\/wp-content\/uploads\/2023\/05\/Foreningsstamma-2023-Brf-Bolmen-1-Protokoll-signed.pdf\">\u00c5rsst\u00e4mma 2023 Protokoll (PDF)<\/a><\/p>\n<p><a href=\"http:\/\/brfbolmen1.se\/wp-content\/uploads\/2022\/05\/Protokoll-arsstamman-2022.pdf\" target=\"_blank\" rel=\"noopener\">\u00c5rsst\u00e4mma 2022 Protokoll (PDF)<\/a><\/p>\n<p><a href=\"http:\/\/brfbolmen1.se\/wp-content\/uploads\/\u00c5rsst\u00e4mmor\/2021\/F\u00f6reningsst\u00e4mma-2021.pdf\">\u00c5rsst\u00e4mma 2021 Protokoll (PDF)<\/a><\/p>\n<p><a href=\"http:\/\/brfbolmen1.se\/wp-content\/uploads\/%C3%85rsst%C3%A4mmor\/2020\/%C3%85rst%C3%A4mma-BRF-Bolmen-1-2020-Protokoll.pdf\">\u00c5rsst\u00e4mma 2020 Protokoll<\/a><a href=\"http:\/\/brfbolmen1.se\/wp-content\/uploads\/%C3%85rsst%C3%A4mmor\/2020\/%C3%85rst%C3%A4mma-BRF-Bolmen-1-2020-Deltagarlista.pdf\">, deltagarlista<\/a><\/p>\n<p><a href=\"http:\/\/brfbolmen1.se\/wp-content\/uploads\/\u00c5rsst\u00e4mmor\/2019\/Protokoll-\u00e5rsst\u00e4mma-2019-BRF-Bolmen-1.pdf\">\u00c5rsst\u00e4mma 2019 Protokoll (PDF)<\/a><\/p>\n<p><a href=\"http:\/\/brfbolmen1.se\/wp-content\/uploads\/\u00c5rsst\u00e4mmor\/2018\/BrfBolmen1_\u00e5rsst\u00e4mma_signerad.pdf\" target=\"_blank\" rel=\"noopener noreferrer\">\u00c5rsst\u00e4mma 2018 Protokoll (pdf)<\/a>, <a href=\"http:\/\/brfbolmen1.se\/wp-content\/uploads\/\u00c5rsst\u00e4mmor\/2018\/deltagarlilsta_2018.pdf\" target=\"_blank\" rel=\"noopener noreferrer\">deltagarlista<\/a><\/p>\n<p><a href=\"http:\/\/brfbolmen1.se\/wp-content\/uploads\/\u00c5rsst\u00e4mmor\/2017\/\u00e5rsst\u00e4mma-2017-signerad.pdf\">\u00c5rsst\u00e4mma 2017 Protokoll (pdf)<\/a><\/p>\n<p><a href=\"http:\/\/brfbolmen1.se\/wp-content\/uploads\/\u00c5rsst\u00e4mmor\/2016\/\u00e5rsst\u00e4mma-2016-protokoll.pdf\">\u00c5rsst\u00e4mma 2016 Protokoll (pdf)<\/a><\/p>\n","protected":false},"excerpt":{"rendered":"<p>\u00c5rsst\u00e4mma 2023 Protokoll (PDF) \u00c5rsst\u00e4mma 2022 Protokoll (PDF) \u00c5rsst\u00e4mma 2021 Protokoll (PDF) \u00c5rsst\u00e4mma 2020 Protokoll, deltagarlista \u00c5rsst\u00e4mma 2019 Protokoll (PDF) \u00c5rsst\u00e4mma 2018 Protokoll (pdf), deltagarlista \u00c5rsst\u00e4mma 2017 Protokoll (pdf) \u00c5rsst\u00e4mma 2016 Protokoll (pdf)<\/p>\n","protected":false},"author":1,"featured_media":0,"parent":2,"menu_order":4,"comment_status":"closed","ping_status":"closed","template":"","meta":{"footnotes":""},"class_list":["post-1160","page","type-page","status-publish","hentry"],"_links":{"self":[{"href":"https:\/\/brfbolmen1.se\/index.php?rest_route=\/wp\/v2\/pages\/1160","targetHints":{"allow":["GET"]}}],"collection":[{"href":"https:\/\/brfbolmen1.se\/index.php?rest_route=\/wp\/v2\/pages"}],"about":[{"href":"https:\/\/brfbolmen1.se\/index.php?rest_route=\/wp\/v2\/types\/page"}],"author":[{"embeddable":true,"href":"https:\/\/brfbolmen1.se\/index.php?rest_route=\/wp\/v2\/users\/1"}],"replies":[{"embeddable":true,"href":"https:\/\/brfbolmen1.se\/index.php?rest_route=%2Fwp%2Fv2%2Fcomments&post=1160"}],"version-history":[{"count":11,"href":"https:\/\/brfbolmen1.se\/index.php?rest_route=\/wp\/v2\/pages\/1160\/revisions"}],"predecessor-version":[{"id":2185,"href":"https:\/\/brfbolmen1.se\/index.php?rest_route=\/wp\/v2\/pages\/1160\/revisions\/2185"}],"up":[{"embeddable":true,"href":"https:\/\/brfbolmen1.se\/index.php?rest_route=\/wp\/v2\/pages\/2"}],"wp:attachment":[{"href":"https:\/\/brfbolmen1.se\/index.php?rest_route=%2Fwp%2Fv2%2Fmedia&parent=1160"}],"curies":[{"name":"wp","href":"https:\/\/api.w.org\/{rel}","templated":true}]}}