{"id":1222,"date":"2017-09-17T09:14:37","date_gmt":"2017-09-17T09:14:37","guid":{"rendered":"http:\/\/brfbolmen1.se\/?page_id=1222"},"modified":"2023-03-22T18:44:12","modified_gmt":"2023-03-22T17:44:12","slug":"ekonomisk-forvaltare","status":"publish","type":"page","link":"https:\/\/brfbolmen1.se\/?page_id=1222","title":{"rendered":"Ekonomisk f\u00f6rvaltare"},"content":{"rendered":"<hr \/>\n<p>F\u00f6reningens ekonomiska f\u00f6rvaltning sk\u00f6ts av <strong>Simpleko<\/strong>\u00a0(tidigare\u00a0F\u00f6rvaltning i \u00d6stersund AB\/RB Ekonomi) &#8211; en del av\u00a0<em>Riksbyggen.\u00a0<\/em><br \/>\n<a href=\"https:\/\/www.simpleko.se\/\">https:\/\/www.simpleko.se\/<\/a><\/p>\n<p>M\u00e5nadsavgift\/hyra betalas m\u00e5nadsvis, och avier skickas ut en g\u00e5ng i kvartalet. <span lang=\"en-gb\">Anslutning till autogiro\/e-faktura\/kivra som betalningsl\u00f6sning \u00e4r m\u00f6jlig att f\u00e5.<\/span><br \/>\n\u00c4ven om avin, av n\u00e5gon anledning inte kommer fram, \u00e4r du skyldig att betala avgift\/hyra i tid.<br \/>\nHar du fr\u00e5gor om avier, e-fakturor, autogiro, betalningsp\u00e5minnelser o.dyl. kontaktar du Simpleko via deras <a href=\"https:\/\/www.simpleko.se\/kontakt\/\">kontaktsida, <\/a>eller via <a href=\"https:\/\/portal.simpleko.se\/kundportal\/login\">kundportalen<\/a>.<\/p>\n<p><span class=\"v1TextRun v1SCXO159882115 v1BCX9\">Simpleko har en digital plattform &#8211; kundportal.\u00a0<\/span><span class=\"v1TextRun v1SCXO159882115 v1BCX9\">H\u00e4r kan ni se era avier, \u00e4ndra aviseringsmetod och se information om er l\u00e4genhet, lokaler, och parkeringar.<\/span><span class=\"v1TextRun v1SCXO159882115 v1BCX9\">\u00a0I<\/span><span class=\"v1TextRun v1SCXO159882115 v1BCX9\">nlogg g\u00f6rs med bank-id h\u00e4r:\u00a0<\/span><a class=\"v1Hyperlink v1SCXO159882115 v1BCX9\" href=\"https:\/\/portal.simpleko.se\/kundportal\/login\" target=\"_blank\" rel=\"noopener noreferrer\"><span class=\"v1TextRun v1SCXO159882115 v1BCX9\">https:\/\/portal.simpleko.se\/kundportal\/login<\/span><\/a><\/p>\n<p>Om du som medlem beh\u00f6ver ett utdrag ut l\u00e4genhetsf\u00f6rteckningen, \u00e4r det b\u00e4sta s\u00e4ttet att sj\u00e4lv logga in i Portalen via s\u00e4ker inloggning med bank-id. D\u00e4r l\u00e4gger du ett \u00e4rende till Simpleko med best\u00e4llningen, och du f\u00e5r utdraget direkt till dig som svar i \u00e4rendet.<\/p>\n","protected":false},"excerpt":{"rendered":"<p>F\u00f6reningens ekonomiska f\u00f6rvaltning sk\u00f6ts av Simpleko\u00a0(tidigare\u00a0F\u00f6rvaltning i \u00d6stersund AB\/RB Ekonomi) &#8211; en del av\u00a0Riksbyggen.\u00a0 https:\/\/www.simpleko.se\/ M\u00e5nadsavgift\/hyra betalas m\u00e5nadsvis, och avier skickas ut en g\u00e5ng i kvartalet. Anslutning till autogiro\/e-faktura\/kivra som betalningsl\u00f6sning \u00e4r m\u00f6jlig att f\u00e5. \u00c4ven om avin, av n\u00e5gon anledning inte kommer fram, \u00e4r du skyldig att betala avgift\/hyra i tid. Har du fr\u00e5gor [&hellip;]<\/p>\n","protected":false},"author":1,"featured_media":0,"parent":20,"menu_order":2,"comment_status":"closed","ping_status":"closed","template":"","meta":{"footnotes":""},"class_list":["post-1222","page","type-page","status-publish","hentry"],"_links":{"self":[{"href":"https:\/\/brfbolmen1.se\/index.php?rest_route=\/wp\/v2\/pages\/1222","targetHints":{"allow":["GET"]}}],"collection":[{"href":"https:\/\/brfbolmen1.se\/index.php?rest_route=\/wp\/v2\/pages"}],"about":[{"href":"https:\/\/brfbolmen1.se\/index.php?rest_route=\/wp\/v2\/types\/page"}],"author":[{"embeddable":true,"href":"https:\/\/brfbolmen1.se\/index.php?rest_route=\/wp\/v2\/users\/1"}],"replies":[{"embeddable":true,"href":"https:\/\/brfbolmen1.se\/index.php?rest_route=%2Fwp%2Fv2%2Fcomments&post=1222"}],"version-history":[{"count":8,"href":"https:\/\/brfbolmen1.se\/index.php?rest_route=\/wp\/v2\/pages\/1222\/revisions"}],"predecessor-version":[{"id":2168,"href":"https:\/\/brfbolmen1.se\/index.php?rest_route=\/wp\/v2\/pages\/1222\/revisions\/2168"}],"up":[{"embeddable":true,"href":"https:\/\/brfbolmen1.se\/index.php?rest_route=\/wp\/v2\/pages\/20"}],"wp:attachment":[{"href":"https:\/\/brfbolmen1.se\/index.php?rest_route=%2Fwp%2Fv2%2Fmedia&parent=1222"}],"curies":[{"name":"wp","href":"https:\/\/api.w.org\/{rel}","templated":true}]}}