{"id":1410,"date":"2018-09-05T06:31:21","date_gmt":"2018-09-05T06:31:21","guid":{"rendered":"http:\/\/brfbolmen1.se\/?page_id=1410"},"modified":"2026-01-17T23:20:59","modified_gmt":"2026-01-17T22:20:59","slug":"1410-2","status":"publish","type":"page","link":"https:\/\/brfbolmen1.se\/?page_id=1410","title":{"rendered":"F\u00f6rs\u00e4kring"},"content":{"rendered":"<h3>F\u00f6rs\u00e4kring<\/h3>\n<p>BRF Bolmen 1 \u00e4r f\u00f6rs\u00e4krad via Protector.<\/p>\n<h3>Bostadsr\u00e4ttstill\u00e4gg<\/h3>\n<p>Du beh\u00f6ver sj\u00e4lv teckna ett bostadsr\u00e4ttstill\u00e4gg till din f\u00f6rs\u00e4kring. Det \u00e4r ett viktigt till\u00e4gg till hemf\u00f6rs\u00e4kringen som t\u00e4cker skador p\u00e5 de fasta byggdelar som medlemmen svarar f\u00f6r enligt stadgarna.<\/p>\n","protected":false},"excerpt":{"rendered":"<p>F\u00f6rs\u00e4kring BRF Bolmen 1 \u00e4r f\u00f6rs\u00e4krad via Protector. Bostadsr\u00e4ttstill\u00e4gg Du beh\u00f6ver sj\u00e4lv teckna ett bostadsr\u00e4ttstill\u00e4gg till din f\u00f6rs\u00e4kring. Det \u00e4r ett viktigt till\u00e4gg till hemf\u00f6rs\u00e4kringen som t\u00e4cker skador p\u00e5 de fasta byggdelar som medlemmen svarar f\u00f6r enligt stadgarna.<\/p>\n","protected":false},"author":1,"featured_media":0,"parent":26,"menu_order":5,"comment_status":"closed","ping_status":"closed","template":"","meta":{"footnotes":""},"class_list":["post-1410","page","type-page","status-publish","hentry"],"_links":{"self":[{"href":"https:\/\/brfbolmen1.se\/index.php?rest_route=\/wp\/v2\/pages\/1410","targetHints":{"allow":["GET"]}}],"collection":[{"href":"https:\/\/brfbolmen1.se\/index.php?rest_route=\/wp\/v2\/pages"}],"about":[{"href":"https:\/\/brfbolmen1.se\/index.php?rest_route=\/wp\/v2\/types\/page"}],"author":[{"embeddable":true,"href":"https:\/\/brfbolmen1.se\/index.php?rest_route=\/wp\/v2\/users\/1"}],"replies":[{"embeddable":true,"href":"https:\/\/brfbolmen1.se\/index.php?rest_route=%2Fwp%2Fv2%2Fcomments&post=1410"}],"version-history":[{"count":7,"href":"https:\/\/brfbolmen1.se\/index.php?rest_route=\/wp\/v2\/pages\/1410\/revisions"}],"predecessor-version":[{"id":2415,"href":"https:\/\/brfbolmen1.se\/index.php?rest_route=\/wp\/v2\/pages\/1410\/revisions\/2415"}],"up":[{"embeddable":true,"href":"https:\/\/brfbolmen1.se\/index.php?rest_route=\/wp\/v2\/pages\/26"}],"wp:attachment":[{"href":"https:\/\/brfbolmen1.se\/index.php?rest_route=%2Fwp%2Fv2%2Fmedia&parent=1410"}],"curies":[{"name":"wp","href":"https:\/\/api.w.org\/{rel}","templated":true}]}}