{"id":1969,"date":"2020-10-29T18:02:38","date_gmt":"2020-10-29T17:02:38","guid":{"rendered":"http:\/\/brfbolmen1.se\/?page_id=1969"},"modified":"2026-01-26T14:30:44","modified_gmt":"2026-01-26T13:30:44","slug":"varme","status":"publish","type":"page","link":"https:\/\/brfbolmen1.se\/?page_id=1969","title":{"rendered":"V\u00e4rme"},"content":{"rendered":"<p><span data-contrast=\"none\">Under h\u00f6sten och vintern brukar fr\u00e5gorna om v\u00e4rmen vara\u202ffle<\/span><span data-contrast=\"none\">ra just f\u00f6r att alla<\/span><span data-contrast=\"none\">\u00a0upplever v\u00e4rme p\u00e5 olika s\u00e4tt. En del fryser,<\/span><span data-contrast=\"none\">\u00a0en del tycker det \u00e4r f\u00f6r varmt<\/span><span data-contrast=\"none\">.\u00a0<\/span><br \/>\n<span data-contrast=\"none\">Det v\u00e4sentliga \u00e4r att r<\/span><span data-contrast=\"none\">umstemperaturen f\u00f6ljer den inst\u00e4llda v\u00e4rmekurvan.\u00a0<\/span><\/p>\n<p>Enligt <a href=\"https:\/\/www.folkhalsomyndigheten.se\/publikationer-och-material\/publikationsarkiv\/f\/folkhalsomyndighetens-allmanna-rad-hslf-fs-2024-10\/\">folkh\u00e4lsomyndighetens riktlinjer<\/a> \u00e4r l\u00e4gsta operativa inomhustemperatur 18\u00b0C inomhus i vistelsezonen. I f\u00f6reningen efterstr\u00e4var vi dock, f\u00f6r komforten, att ligga h\u00f6gre \u00e4n detta.<\/p>\n<p><span data-ccp-props=\"{&quot;201341983&quot;:0,&quot;335559739&quot;:0,&quot;335559740&quot;:240}\">\u00a0<\/span><span data-contrast=\"none\"><img loading=\"lazy\" decoding=\"async\" class=\"alignnone size-full\" src=\"http:\/\/brfbolmen1.se\/wp-content\/uploads\/Info\/V\u00e4rme\/termostat.png\" width=\"229\" height=\"154\" \/><br \/>\n<\/span><span data-contrast=\"none\">Med hj\u00e4lp av en termostat ska elementet reglera v\u00e4rmen i rummet. N\u00e4r temperaturen i rummet \u00e4r \u00f6ver inst\u00e4lld tem<\/span><span data-contrast=\"none\">peratur sl\u00e5r termostaten av det\u00a0<\/span><span data-contrast=\"none\">varma vattnet och elementet\u00a0<\/span><span data-contrast=\"none\">svalnar<\/span><span data-contrast=\"none\">.<\/span><\/p>\n<p><span data-contrast=\"none\">Det \u00e4r<\/span><span data-contrast=\"none\">\u00a0allts\u00e5<\/span><span data-contrast=\"none\"> inte s\u00e4kert att ditt element alltid \u00e4r varmt.<br \/>\n<\/span><span data-contrast=\"none\">V\u00e4rmen i fastigheten st\u00e4ngs aldrig av utan regleras efter utetemperaturen,\u00a0<\/span><span data-contrast=\"none\">ju<\/span><span data-contrast=\"none\">\u00a0kallare det \u00e4r utomhus desto varmare vatten kommer att cirkulera i ditt element.\u00a0<\/span><\/p>\n<p>F\u00f6reningen genomf\u00f6rde under 2024 byte av samtliga termostater samt gjorde en injustering av hela v\u00e4rmesystemet f\u00f6r att s\u00e4nka v\u00e5ra energikostnader.<\/p>\n<p>Mer om termostaterna finns att l\u00e4sa <a href=\"http:\/\/brfbolmen1.se\/wp-content\/uploads\/2025\/02\/Information-om-nya-termostater.pdf\">h\u00e4r<\/a><\/p>\n<h3>Tips f\u00f6r ett bra inomhusklimat<\/h3>\n<ul>\n<li><span data-contrast=\"none\">T\u00e4ck inte f\u00f6r element med m\u00f6bler, elementskydd eller tjocka gardiner eftersom det f\u00f6rhindrar att v\u00e4rmen sprids i rummet.\u00a0 <\/span><\/li>\n<li><span data-contrast=\"none\">T\u00e4ck inte f\u00f6r termostaten eftersom d\u00e5 k\u00e4nner termostaten en h\u00f6gre temperatur \u00e4n det \u00e4r i rummet och varmvattnet i elementet st\u00e4ngs av f\u00f6r tidigt.\u00a0 <\/span><\/li>\n<li><span data-contrast=\"none\">Se till att inte f\u00f6nster st\u00e5r \u00f6ppna under en l\u00e4ngre tid. V\u00e4dra ist\u00e4llet ordentligt en kort stund. <\/span><\/li>\n<\/ul>\n<p><span data-contrast=\"auto\">Om vi skulle g\u00f6ra alla l\u00e4genheter en (1) grad varmare \u00f6kar\u00a0<\/span><span data-contrast=\"auto\">d<\/span><span data-contrast=\"auto\">en totala<\/span><span data-ccp-props=\"{&quot;201341983&quot;:0,&quot;335559739&quot;:160,&quot;335559740&quot;:240}\">\u00a0<\/span><span data-contrast=\"auto\">v\u00e4rmekostnaden med ca\u00a0<\/span><span data-contrast=\"auto\">fem\u00a0<\/span><span data-contrast=\"auto\">(5) procent.<\/span><span data-ccp-props=\"{&quot;201341983&quot;:0,&quot;335559739&quot;:160,&quot;335559740&quot;:240}\">\u00a0<\/span><span data-ccp-props=\"{&quot;201341983&quot;:0,&quot;335559739&quot;:160,&quot;335559740&quot;:259}\">\u00a0<\/span><\/p>\n<p><b><span data-contrast=\"auto\">OBS ! M\u00e4t f\u00f6rst\u202ftemperaturen sj\u00e4lv i l\u00e4genheten innan ni felanm\u00e4ler v\u00e4rmen. F\u00f6r att m\u00e4ta en korrekt temperatur i ditt rum ska du placera en bra termometer\u00a0 1,5 meter upp\u00a0<\/span><\/b><b><span data-contrast=\"auto\">minst en meter fr\u00e5n v\u00e4gg.\u00a0<\/span><\/b><span data-ccp-props=\"{&quot;201341983&quot;:0,&quot;335559739&quot;:160,&quot;335559740&quot;:259}\"><br \/>\n<\/span><span data-contrast=\"auto\">Skulle det vara\u00a0<\/span><span data-contrast=\"auto\">s<\/span><span data-contrast=\"auto\">\u00e5 att temperaturen understiger 20 grader och ni har f\u00f6ljt r\u00e5den ovan s\u00e5 ska ni <a href=\"https:\/\/brfbolmen1.se\/?page_id=1220\">felanm\u00e4la<\/a> till fastighetssk\u00f6tare i f\u00f6rsta hand f\u00f6r en kontroll av ert inomhusklimat<\/span><span data-contrast=\"auto\">.<\/span><span data-ccp-props=\"{&quot;201341983&quot;:0,&quot;335559739&quot;:160,&quot;335559740&quot;:259}\">\u00a0<\/span><\/p>\n","protected":false},"excerpt":{"rendered":"<p>Under h\u00f6sten och vintern brukar fr\u00e5gorna om v\u00e4rmen vara\u202fflera just f\u00f6r att alla\u00a0upplever v\u00e4rme p\u00e5 olika s\u00e4tt. En del fryser,\u00a0en del tycker det \u00e4r f\u00f6r varmt.\u00a0 Det v\u00e4sentliga \u00e4r att rumstemperaturen f\u00f6ljer den inst\u00e4llda v\u00e4rmekurvan.\u00a0 Enligt folkh\u00e4lsomyndighetens riktlinjer \u00e4r l\u00e4gsta operativa inomhustemperatur 18\u00b0C inomhus i vistelsezonen. I f\u00f6reningen efterstr\u00e4var vi dock, f\u00f6r komforten, att ligga [&hellip;]<\/p>\n","protected":false},"author":1,"featured_media":0,"parent":26,"menu_order":19,"comment_status":"closed","ping_status":"closed","template":"","meta":{"footnotes":""},"class_list":["post-1969","page","type-page","status-publish","hentry"],"_links":{"self":[{"href":"https:\/\/brfbolmen1.se\/index.php?rest_route=\/wp\/v2\/pages\/1969","targetHints":{"allow":["GET"]}}],"collection":[{"href":"https:\/\/brfbolmen1.se\/index.php?rest_route=\/wp\/v2\/pages"}],"about":[{"href":"https:\/\/brfbolmen1.se\/index.php?rest_route=\/wp\/v2\/types\/page"}],"author":[{"embeddable":true,"href":"https:\/\/brfbolmen1.se\/index.php?rest_route=\/wp\/v2\/users\/1"}],"replies":[{"embeddable":true,"href":"https:\/\/brfbolmen1.se\/index.php?rest_route=%2Fwp%2Fv2%2Fcomments&post=1969"}],"version-history":[{"count":9,"href":"https:\/\/brfbolmen1.se\/index.php?rest_route=\/wp\/v2\/pages\/1969\/revisions"}],"predecessor-version":[{"id":2447,"href":"https:\/\/brfbolmen1.se\/index.php?rest_route=\/wp\/v2\/pages\/1969\/revisions\/2447"}],"up":[{"embeddable":true,"href":"https:\/\/brfbolmen1.se\/index.php?rest_route=\/wp\/v2\/pages\/26"}],"wp:attachment":[{"href":"https:\/\/brfbolmen1.se\/index.php?rest_route=%2Fwp%2Fv2%2Fmedia&parent=1969"}],"curies":[{"name":"wp","href":"https:\/\/api.w.org\/{rel}","templated":true}]}}