{"id":2,"date":"2011-10-24T06:34:03","date_gmt":"2011-10-24T06:34:03","guid":{"rendered":"http:\/\/brfbolmen1.se\/\/?page_id=2"},"modified":"2026-04-08T11:44:31","modified_gmt":"2026-04-08T09:44:31","slug":"sample-page","status":"publish","type":"page","link":"https:\/\/brfbolmen1.se\/?page_id=2","title":{"rendered":"F\u00f6reningen"},"content":{"rendered":"<div>\n<p>Bostadsr\u00e4ttsf\u00f6reningen Bolmen 1 bildades i december 2009 och \u00e4r en \u00e4kta bostadsr\u00e4ttsf\u00f6rening. F\u00f6reningen best\u00e5r av 155 hush\u00e5ll, varav cirka 138 bostadsr\u00e4tter och 17 hyresr\u00e4tter. Det finns \u00e4ven 18 lokaler\/lagerutrymmen i f\u00f6reningen.<\/p>\n<p>Husen uppf\u00f6rdes 1939-43 och har beh\u00e5llit ursprunglig charm trots inre renoveringar och upprustningar under \u00e5rens lopp. Idag \u00e4r fastigheten k-m\u00e4rkt enligt klassificering Gr\u00f6n.<\/p>\n<p>Portnummertavlorna \u00e4r utf\u00f6rda av konstn\u00e4rerna Gunvor Larsson och Susann Wallander, i screentryckt glas. <a href=\"http:\/\/www.atelje16.com\/hem.html\" target=\"_blank\" rel=\"noopener\">www.atelje16.com<\/a><\/p>\n<p><a href=\"http:\/\/brfbolmen1.se\/wp-content\/uploads\/\/187999_225593554121196_280326_n.jpg\"><img loading=\"lazy\" decoding=\"async\" class=\"alignnone size-medium wp-image-95\" src=\"http:\/\/brfbolmen1.se\/wp-content\/uploads\/\/187999_225593554121196_280326_n-199x300.jpg\" alt=\"187999_225593554121196_280326_n\" width=\"199\" height=\"300\" \/><\/a><\/p>\n<p>1995-1997 byttes V\/A-stammar i k\u00f6k och badrum. \u00c4ven elstammar byttes samma \u00e5r.<br \/>\nF\u00f6reningen \u00e4ger marken mellan husen p\u00e5 M\u00f6ckelv\u00e4gen och Bolmensv\u00e4gen, som best\u00e5r av en gr\u00f6n och lummig g\u00e5rd med uppv\u00e4xta fl\u00e4dertr\u00e4d, syrener och rosenbuskar. P\u00e5 g\u00e5rden finns uteplatser, murade grillar, lekplatser och gr\u00e4sytor.<\/p>\n<\/div>\n<ul>\n<li><strong>Uppv\u00e4rmning:<\/strong> fj\u00e4rrv\u00e4rme<\/li>\n<li><strong>Ventilation:<\/strong> Mekanisk fr\u00e5nluft (tilluft via f\u00f6nsterventiler (vardagsrum och sovrum), fr\u00e5nluft (badrumoch k\u00f6k) mekanisk via k\u00f6kfl\u00e4kt (k\u00f6ksfl\u00e4kt f\u00e5r ej bytas, byte av fl\u00e4ktk\u00e5pa kr\u00e4ver styrelsens tillst\u00e5nd).<\/li>\n<li><strong>Kabel-tv\/internet:<\/strong>\u00a0V\u00e5r internetleverant\u00f6r via fiber\u00a0\u00e4r Ownit. Fastigheten \u00e4r \u00e4n s\u00e5 l\u00e4nge ansluten till kabel-tv via Comhem men vi rekommenderar att man inte binder upp sig p\u00e5 l\u00e4ngre abonnemang f\u00f6r tillf\u00e4llet.<\/li>\n<li><strong>F\u00f6rr\u00e5d:<\/strong> till varje l\u00e4genhet h\u00f6r ett k\u00e4llarf\u00f6rr\u00e5d p\u00e5 cirka 1*2 m<\/li>\n<li><strong>Tv\u00e4ttstuga:<\/strong> i fastigheten finns fyra tv\u00e4ttstugor. De boende har tillg\u00e5ng till tv\u00e4ttstuga med minst tv\u00e5 tv\u00e4ttmaskiner, ett torksk\u00e5p elller ett mindre torkrum.<\/li>\n<li><strong>Cykelrum:<\/strong> flertal cykelrum finns, i k\u00e4llarplan<\/li>\n<li><strong>Barnvagnsrum:<\/strong> tillg\u00e5ng till barnvagnsrum finns i de flesta trapphus, en halvtrappa ned i k\u00e4llarplan, ingen ramp<\/li>\n<li><strong>Sopor:<\/strong> hush\u00e5llsavfall l\u00e4mnas i beh\u00e5llare i de frist\u00e5ende byggnaderna p\u00e5 M\u00f6ckelv\u00e4gen<\/li>\n<li><strong>Sopsortering:<\/strong> sopsortering av glas och tidningar i de frist\u00e5ende byggnaderna p\u00e5 g\u00e5rden.<\/li>\n<li><strong>Porttelefon<\/strong>: Portsystem Axema. Tillltr\u00e4de via nyckelbricka. Administreras av Styrelsen. Portarna kan \u00e4ven \u00f6ppnas via porttelefonen d\u00e4r boende kan registrera upp till tv\u00e5 nummer.<\/li>\n<\/ul>\n","protected":false},"excerpt":{"rendered":"<p>Bostadsr\u00e4ttsf\u00f6reningen Bolmen 1 bildades i december 2009 och \u00e4r en \u00e4kta bostadsr\u00e4ttsf\u00f6rening. F\u00f6reningen best\u00e5r av 155 hush\u00e5ll, varav cirka 138 bostadsr\u00e4tter och 17 hyresr\u00e4tter. Det finns \u00e4ven 18 lokaler\/lagerutrymmen i f\u00f6reningen. Husen uppf\u00f6rdes 1939-43 och har beh\u00e5llit ursprunglig charm trots inre renoveringar och upprustningar under \u00e5rens lopp. Idag \u00e4r fastigheten k-m\u00e4rkt enligt klassificering Gr\u00f6n. Portnummertavlorna [&hellip;]<\/p>\n","protected":false},"author":1,"featured_media":0,"parent":0,"menu_order":1,"comment_status":"open","ping_status":"open","template":"","meta":{"footnotes":""},"class_list":["post-2","page","type-page","status-publish","hentry"],"_links":{"self":[{"href":"https:\/\/brfbolmen1.se\/index.php?rest_route=\/wp\/v2\/pages\/2","targetHints":{"allow":["GET"]}}],"collection":[{"href":"https:\/\/brfbolmen1.se\/index.php?rest_route=\/wp\/v2\/pages"}],"about":[{"href":"https:\/\/brfbolmen1.se\/index.php?rest_route=\/wp\/v2\/types\/page"}],"author":[{"embeddable":true,"href":"https:\/\/brfbolmen1.se\/index.php?rest_route=\/wp\/v2\/users\/1"}],"replies":[{"embeddable":true,"href":"https:\/\/brfbolmen1.se\/index.php?rest_route=%2Fwp%2Fv2%2Fcomments&post=2"}],"version-history":[{"count":42,"href":"https:\/\/brfbolmen1.se\/index.php?rest_route=\/wp\/v2\/pages\/2\/revisions"}],"predecessor-version":[{"id":2458,"href":"https:\/\/brfbolmen1.se\/index.php?rest_route=\/wp\/v2\/pages\/2\/revisions\/2458"}],"wp:attachment":[{"href":"https:\/\/brfbolmen1.se\/index.php?rest_route=%2Fwp%2Fv2%2Fmedia&parent=2"}],"curies":[{"name":"wp","href":"https:\/\/api.w.org\/{rel}","templated":true}]}}