{"id":20,"date":"2012-12-10T17:28:39","date_gmt":"2012-12-10T17:28:39","guid":{"rendered":"http:\/\/brfbolmen1.se\/?page_id=20"},"modified":"2026-02-04T09:19:50","modified_gmt":"2026-02-04T08:19:50","slug":"kontaktuppgifter","status":"publish","type":"page","link":"https:\/\/brfbolmen1.se\/?page_id=20","title":{"rendered":"Kontakt"},"content":{"rendered":"\r\n<p><strong><a href=\"http:\/\/brfbolmen1.se\/?page_id=1220\">Fastighetsf\u00f6rvaltning<\/a>, <\/strong>Akuta fel samt allm\u00e4nna lokaler. Hyresg\u00e4ster anm\u00e4ler alla brister r\u00f6rande fastigheten till f\u00f6rvaltningen.<\/p>\r\n\r\n<div><a href=\"http:\/\/brfbolmen1.se\/?page_id=1222\"><strong>Ekonomisk F\u00f6rvaltning<\/strong><\/a> Simpleko Avier, e-fakturor, autogiro, betalningsp\u00e5minnelser, l\u00e4genhetsutdrag, pantbrev o.dyl.<\/div>\r\n<div id=\"sub_items_column_right\">\r\n<div><strong><a href=\"http:\/\/brfbolmen1.se\/?page_id=1224\">Styrelsen<\/a><\/strong>, F\u00f6reningens styrelse\r\n<h2>Gilla oss p\u00e5 Facebook!<\/h2>\r\n<\/div>\r\n<div>Brf Bolmen 1 finns p\u00e5 <a href=\"https:\/\/www.facebook.com\/groups\/225593554121196\/\">Facebook<\/a>. M\u00f6t dina grannar och andra som gillar Brf Bolmen 1 d\u00e4r!<\/div>\r\n<\/div>","protected":false},"excerpt":{"rendered":"<p>Fastighetsf\u00f6rvaltning, Akuta fel samt allm\u00e4nna lokaler. Hyresg\u00e4ster anm\u00e4ler alla brister r\u00f6rande fastigheten till f\u00f6rvaltningen. Ekonomisk F\u00f6rvaltning Simpleko Avier, e-fakturor, autogiro, betalningsp\u00e5minnelser, l\u00e4genhetsutdrag, pantbrev o.dyl. Styrelsen, F\u00f6reningens styrelse Gilla oss p\u00e5 Facebook! Brf Bolmen 1 finns p\u00e5 Facebook. M\u00f6t dina grannar och andra som gillar Brf Bolmen 1 d\u00e4r!<\/p>\n","protected":false},"author":1,"featured_media":0,"parent":0,"menu_order":4,"comment_status":"closed","ping_status":"closed","template":"","meta":{"footnotes":""},"class_list":["post-20","page","type-page","status-publish","hentry"],"_links":{"self":[{"href":"https:\/\/brfbolmen1.se\/index.php?rest_route=\/wp\/v2\/pages\/20","targetHints":{"allow":["GET"]}}],"collection":[{"href":"https:\/\/brfbolmen1.se\/index.php?rest_route=\/wp\/v2\/pages"}],"about":[{"href":"https:\/\/brfbolmen1.se\/index.php?rest_route=\/wp\/v2\/types\/page"}],"author":[{"embeddable":true,"href":"https:\/\/brfbolmen1.se\/index.php?rest_route=\/wp\/v2\/users\/1"}],"replies":[{"embeddable":true,"href":"https:\/\/brfbolmen1.se\/index.php?rest_route=%2Fwp%2Fv2%2Fcomments&post=20"}],"version-history":[{"count":40,"href":"https:\/\/brfbolmen1.se\/index.php?rest_route=\/wp\/v2\/pages\/20\/revisions"}],"predecessor-version":[{"id":2450,"href":"https:\/\/brfbolmen1.se\/index.php?rest_route=\/wp\/v2\/pages\/20\/revisions\/2450"}],"wp:attachment":[{"href":"https:\/\/brfbolmen1.se\/index.php?rest_route=%2Fwp%2Fv2%2Fmedia&parent=20"}],"curies":[{"name":"wp","href":"https:\/\/api.w.org\/{rel}","templated":true}]}}