{"id":2083,"date":"2021-10-12T18:42:24","date_gmt":"2021-10-12T16:42:24","guid":{"rendered":"http:\/\/brfbolmen1.se\/?page_id=2083"},"modified":"2021-12-19T21:41:59","modified_gmt":"2021-12-19T20:41:59","slug":"svenska-storningsjouren","status":"publish","type":"page","link":"https:\/\/brfbolmen1.se\/?page_id=2083","title":{"rendered":"Svenska St\u00f6rningsjouren"},"content":{"rendered":"<p><span data-contrast=\"auto\">F\u00f6reningen har nu anslutit sig till <a href=\"http:\/\/www.storningsjouren.se\">Svenska St\u00f6rningsjouren<\/a>.<\/span><span data-contrast=\"auto\">\u00a0<\/span><span data-contrast=\"auto\">Vid\u00a0sto\u0308rningar\u00a0eller andra trygghetsproblem inom f\u00f6reningen kontaktar ni deras larmcentral\u00a0da\u0308r\u00a0ni har\u00a0tillga\u030ang\u00a0till professionell\u00a0hja\u0308lp\u00a0av deras\u00a0sto\u0308rningsombudsma\u0308n\/va\u0308ktare\u00a0som skyndsamt kommer\u00a0pa\u030a plats.\u00a0<\/span><\/p>\n<p><span class=\"TextRun SCXO13504232 BCX0\" lang=\"SV\" xml:lang=\"SV\" data-contrast=\"auto\"><span class=\"SpellingError SCXO13504232 BCX0\">Sto\u0308rningsjouren<\/span><span class=\"NormalTextRun SCXO13504232 BCX0\">\u00a0<\/span><span class=\"SpellingError SCXO13504232 BCX0\">a\u0308r<\/span><span class=\"NormalTextRun SCXO13504232 BCX0\">\u00a0<\/span><span class=\"SpellingError SCXO13504232 BCX0\">o\u0308ppen<\/span><span class=\"NormalTextRun SCXO13504232 BCX0\">:\u00a0<\/span><span class=\"SpellingError SCXO13504232 BCX0\">Ma\u030andag-So\u0308ndag<\/span><span class=\"NormalTextRun SCXO13504232 BCX0\">\u00a0mellan kl. 20:00-06:00\u00a0<\/span><\/span><span class=\"EOP SCXO13504232 BCX0\"><br \/>\nTelefonnummer till larmcentralen finns i trapphusen samt i <a href=\"https:\/\/www.simpleko.se\">Simplekos kundportal<\/a> under &#8221;Dokument&#8221;, n\u00e4r du loggar in som boende. \u00a0<\/span><\/p>\n<p><span data-contrast=\"auto\">Som alltid g\u00e4ller h\u00e4nsyn och respekt till varandra och f\u00f6reningen har uttalade\u00a0<\/span><a href=\"http:\/\/brfbolmen1.se\/?page_id=490\"><span data-contrast=\"auto\">trivselregler<\/span><\/a><span data-contrast=\"auto\">. Vi vill betona att man\u00a0i st\u00f6rsta m\u00f6jliga m\u00e5n ska kontakta sin granne och p\u00e5tala st\u00f6rningen.<\/span><span data-contrast=\"auto\">\u00a0<\/span><span data-contrast=\"auto\">Visas inte h\u00e4nsyn efter det, kan Svenska St\u00f6rningsjouren kontaktas.\u00a0<\/span><\/p>\n","protected":false},"excerpt":{"rendered":"<p>F\u00f6reningen har nu anslutit sig till Svenska St\u00f6rningsjouren.\u00a0Vid\u00a0sto\u0308rningar\u00a0eller andra trygghetsproblem inom f\u00f6reningen kontaktar ni deras larmcentral\u00a0da\u0308r\u00a0ni har\u00a0tillga\u030ang\u00a0till professionell\u00a0hja\u0308lp\u00a0av deras\u00a0sto\u0308rningsombudsma\u0308n\/va\u0308ktare\u00a0som skyndsamt kommer\u00a0pa\u030a plats.\u00a0 Sto\u0308rningsjouren\u00a0a\u0308r\u00a0o\u0308ppen:\u00a0Ma\u030andag-So\u0308ndag\u00a0mellan kl. 20:00-06:00\u00a0 Telefonnummer till larmcentralen finns i trapphusen samt i Simplekos kundportal under &#8221;Dokument&#8221;, n\u00e4r du loggar in som boende. \u00a0 Som alltid g\u00e4ller h\u00e4nsyn och respekt till varandra och f\u00f6reningen har [&hellip;]<\/p>\n","protected":false},"author":1,"featured_media":0,"parent":26,"menu_order":12,"comment_status":"closed","ping_status":"closed","template":"","meta":{"footnotes":""},"class_list":["post-2083","page","type-page","status-publish","hentry"],"_links":{"self":[{"href":"https:\/\/brfbolmen1.se\/index.php?rest_route=\/wp\/v2\/pages\/2083","targetHints":{"allow":["GET"]}}],"collection":[{"href":"https:\/\/brfbolmen1.se\/index.php?rest_route=\/wp\/v2\/pages"}],"about":[{"href":"https:\/\/brfbolmen1.se\/index.php?rest_route=\/wp\/v2\/types\/page"}],"author":[{"embeddable":true,"href":"https:\/\/brfbolmen1.se\/index.php?rest_route=\/wp\/v2\/users\/1"}],"replies":[{"embeddable":true,"href":"https:\/\/brfbolmen1.se\/index.php?rest_route=%2Fwp%2Fv2%2Fcomments&post=2083"}],"version-history":[{"count":3,"href":"https:\/\/brfbolmen1.se\/index.php?rest_route=\/wp\/v2\/pages\/2083\/revisions"}],"predecessor-version":[{"id":2086,"href":"https:\/\/brfbolmen1.se\/index.php?rest_route=\/wp\/v2\/pages\/2083\/revisions\/2086"}],"up":[{"embeddable":true,"href":"https:\/\/brfbolmen1.se\/index.php?rest_route=\/wp\/v2\/pages\/26"}],"wp:attachment":[{"href":"https:\/\/brfbolmen1.se\/index.php?rest_route=%2Fwp%2Fv2%2Fmedia&parent=2083"}],"curies":[{"name":"wp","href":"https:\/\/api.w.org\/{rel}","templated":true}]}}