{"id":2091,"date":"2021-11-14T22:27:27","date_gmt":"2021-11-14T21:27:27","guid":{"rendered":"http:\/\/brfbolmen1.se\/?page_id=2091"},"modified":"2021-11-14T22:28:35","modified_gmt":"2021-11-14T21:28:35","slug":"ovrigt","status":"publish","type":"page","link":"https:\/\/brfbolmen1.se\/?page_id=2091","title":{"rendered":"\u00d6vrigt"},"content":{"rendered":"<p><strong>Brandvarnare<\/strong><\/p>\n<p><span class=\"NormalTextRun SCXO108588452 BCX0\">En\u00a0<\/span><span class=\"SpellingError SCXO108588452 BCX0\">bostadsra\u0308ttsinnehavare<\/span><span class=\"NormalTextRun SCXO108588452 BCX0\">\u00a0ansvarar\u00a0<\/span><span class=\"SpellingError SCXO108588452 BCX0\">sja\u0308lv<\/span><span class=\"NormalTextRun SCXO108588452 BCX0\">\u00a0<\/span><span class=\"SpellingError SCXO108588452 BCX0\">fo\u0308r<\/span><span class=\"NormalTextRun SCXO108588452 BCX0\">\u00a0att brandvarnare finns och fungerar. F\u00f6reningen ansvarar f\u00f6r att hyresg\u00e4ster har en brandvarnare.\u00a0Hyresg\u00e4sten svarar f\u00f6r att installerade brandvarnare sk\u00f6ts och kontrolleras.<\/span><\/p>\n","protected":false},"excerpt":{"rendered":"<p>Brandvarnare En\u00a0bostadsra\u0308ttsinnehavare\u00a0ansvarar\u00a0sja\u0308lv\u00a0fo\u0308r\u00a0att brandvarnare finns och fungerar. F\u00f6reningen ansvarar f\u00f6r att hyresg\u00e4ster har en brandvarnare.\u00a0Hyresg\u00e4sten svarar f\u00f6r att installerade brandvarnare sk\u00f6ts och kontrolleras.<\/p>\n","protected":false},"author":1,"featured_media":0,"parent":26,"menu_order":20,"comment_status":"closed","ping_status":"closed","template":"","meta":{"footnotes":""},"class_list":["post-2091","page","type-page","status-publish","hentry"],"_links":{"self":[{"href":"https:\/\/brfbolmen1.se\/index.php?rest_route=\/wp\/v2\/pages\/2091","targetHints":{"allow":["GET"]}}],"collection":[{"href":"https:\/\/brfbolmen1.se\/index.php?rest_route=\/wp\/v2\/pages"}],"about":[{"href":"https:\/\/brfbolmen1.se\/index.php?rest_route=\/wp\/v2\/types\/page"}],"author":[{"embeddable":true,"href":"https:\/\/brfbolmen1.se\/index.php?rest_route=\/wp\/v2\/users\/1"}],"replies":[{"embeddable":true,"href":"https:\/\/brfbolmen1.se\/index.php?rest_route=%2Fwp%2Fv2%2Fcomments&post=2091"}],"version-history":[{"count":1,"href":"https:\/\/brfbolmen1.se\/index.php?rest_route=\/wp\/v2\/pages\/2091\/revisions"}],"predecessor-version":[{"id":2092,"href":"https:\/\/brfbolmen1.se\/index.php?rest_route=\/wp\/v2\/pages\/2091\/revisions\/2092"}],"up":[{"embeddable":true,"href":"https:\/\/brfbolmen1.se\/index.php?rest_route=\/wp\/v2\/pages\/26"}],"wp:attachment":[{"href":"https:\/\/brfbolmen1.se\/index.php?rest_route=%2Fwp%2Fv2%2Fmedia&parent=2091"}],"curies":[{"name":"wp","href":"https:\/\/api.w.org\/{rel}","templated":true}]}}