{"id":2093,"date":"2021-11-15T18:33:47","date_gmt":"2021-11-15T17:33:47","guid":{"rendered":"http:\/\/brfbolmen1.se\/?page_id=2093"},"modified":"2025-10-12T00:54:44","modified_gmt":"2025-10-11T22:54:44","slug":"forrad","status":"publish","type":"page","link":"https:\/\/brfbolmen1.se\/?page_id=2093","title":{"rendered":"F\u00f6rr\u00e5d"},"content":{"rendered":"<p>Till alla l\u00e4genheter finns ett tillh\u00f6rande f\u00f6rr\u00e5d p\u00e5 ca. tv\u00e5 kvadratmeter. F\u00f6rr\u00e5dsd\u00f6rrarna \u00e4r m\u00e4rkta med l\u00e4genhetsnummer, samma som st\u00e5r p\u00e5 d\u00f6rrarna till l\u00e4genheterna. H\u00e4ngl\u00e5s till egna f\u00f6rr\u00e5d st\u00e5r boende f\u00f6r sj\u00e4lva.<\/p>\n<p>I f\u00f6rr\u00e5den \u00e4r det inte till\u00e5tet att ha n\u00e5gon form av elektroniska anslutningar eller att f\u00f6rvara brandfarliga v\u00e4tskor och gaser. Att anv\u00e4nda f\u00f6rr\u00e5d f\u00f6r att bedriva n\u00e5gon form av verksamhet eller \u00f6vernattning \u00e4r inte heller till\u00e5tet.<\/p>\n<h3>Extra f\u00f6rr\u00e5d f\u00f6r uthyrning<\/h3>\n<p>F\u00f6reningen har \u00e4ven ett antal extra f\u00f6rr\u00e5d som vi hyr ut. Om du vill st\u00e4lla dig i k\u00f6 f\u00f6r ett extra f\u00f6rr\u00e5d kan du mejla styrelsen p\u00e5 <a href=\"mailto:info@brfbolmen1.se\">info@brfbolmen1.se<\/a>. Endast boende i f\u00f6reningen kan hyra f\u00f6rr\u00e5d, d\u00e4rmed avslutas avtalet om du flyttar fr\u00e5n f\u00f6reningen. Upps\u00e4gningstid \u00e4r en (1) m\u00e5nad. Om f\u00f6rr\u00e5det ligger i annan byggnad bekostar f\u00f6reningen nyckel f\u00f6r att komma \u00e5t f\u00f6rr\u00e5det; denna ska \u00e5terl\u00e4mnas till f\u00f6reningen vid avtalets slut.<\/p>\n<p>Hur v\u00e4ntelistan f\u00f6r f\u00f6rr\u00e5den ser ut just nu g\u00e5r att se i Simpleko-portalen. Dokumentet hittas under Dokumenthanterare\/Information fr\u00e5n styrelsen\/K\u00f6lista f\u00f6r f\u00f6rr\u00e5d.<\/p>\n","protected":false},"excerpt":{"rendered":"<p>Till alla l\u00e4genheter finns ett tillh\u00f6rande f\u00f6rr\u00e5d p\u00e5 ca. tv\u00e5 kvadratmeter. F\u00f6rr\u00e5dsd\u00f6rrarna \u00e4r m\u00e4rkta med l\u00e4genhetsnummer, samma som st\u00e5r p\u00e5 d\u00f6rrarna till l\u00e4genheterna. H\u00e4ngl\u00e5s till egna f\u00f6rr\u00e5d st\u00e5r boende f\u00f6r sj\u00e4lva. I f\u00f6rr\u00e5den \u00e4r det inte till\u00e5tet att ha n\u00e5gon form av elektroniska anslutningar eller att f\u00f6rvara brandfarliga v\u00e4tskor och gaser. Att anv\u00e4nda f\u00f6rr\u00e5d f\u00f6r [&hellip;]<\/p>\n","protected":false},"author":1,"featured_media":0,"parent":26,"menu_order":5,"comment_status":"closed","ping_status":"closed","template":"","meta":{"footnotes":""},"class_list":["post-2093","page","type-page","status-publish","hentry"],"_links":{"self":[{"href":"https:\/\/brfbolmen1.se\/index.php?rest_route=\/wp\/v2\/pages\/2093","targetHints":{"allow":["GET"]}}],"collection":[{"href":"https:\/\/brfbolmen1.se\/index.php?rest_route=\/wp\/v2\/pages"}],"about":[{"href":"https:\/\/brfbolmen1.se\/index.php?rest_route=\/wp\/v2\/types\/page"}],"author":[{"embeddable":true,"href":"https:\/\/brfbolmen1.se\/index.php?rest_route=\/wp\/v2\/users\/1"}],"replies":[{"embeddable":true,"href":"https:\/\/brfbolmen1.se\/index.php?rest_route=%2Fwp%2Fv2%2Fcomments&post=2093"}],"version-history":[{"count":6,"href":"https:\/\/brfbolmen1.se\/index.php?rest_route=\/wp\/v2\/pages\/2093\/revisions"}],"predecessor-version":[{"id":2362,"href":"https:\/\/brfbolmen1.se\/index.php?rest_route=\/wp\/v2\/pages\/2093\/revisions\/2362"}],"up":[{"embeddable":true,"href":"https:\/\/brfbolmen1.se\/index.php?rest_route=\/wp\/v2\/pages\/26"}],"wp:attachment":[{"href":"https:\/\/brfbolmen1.se\/index.php?rest_route=%2Fwp%2Fv2%2Fmedia&parent=2093"}],"curies":[{"name":"wp","href":"https:\/\/api.w.org\/{rel}","templated":true}]}}