{"id":2108,"date":"2021-12-19T21:39:45","date_gmt":"2021-12-19T20:39:45","guid":{"rendered":"http:\/\/brfbolmen1.se\/?page_id=2108"},"modified":"2026-01-18T14:11:08","modified_gmt":"2026-01-18T13:11:08","slug":"hobbyrum","status":"publish","type":"page","link":"https:\/\/brfbolmen1.se\/?page_id=2108","title":{"rendered":"Hobbyrum"},"content":{"rendered":"<p><span class=\"TextRun SCXO79112900 BCX0\" lang=\"SV\" xml:lang=\"SV\" data-contrast=\"auto\"><span class=\"NormalTextRun SCXO79112900 BCX0\">I k\u00e4llaren p\u00e5 Bolmensv\u00e4gen 8 finns ett hobbyrum som \u00e4r tillg\u00e4ngligt f\u00f6r alla medlemmar. Rummet har tillg\u00e5ng till vatten. I<\/span><\/span><span class=\"TextRun SCXO79112900 BCX0\" lang=\"SV\" xml:lang=\"SV\" data-contrast=\"auto\"><span class=\"NormalTextRun SCXO79112900 BCX0\">\u00a0dagsl\u00e4get finns inget inf\u00f6rt bokningssystem, utan rummet \u00e4r \u00f6ppet kl. 8-20 varje dag. Ing\u00e5ng finns fr\u00e5n parken p\u00e5 fasaden som\u00a0<\/span><span class=\"SpellingError SCXO79112900 BCX0\">v\u00e4tter<\/span><span class=\"NormalTextRun SCXO79112900 BCX0\">\u00a0mot Bolmensv\u00e4gen 10 och\u00a0<\/span><\/span><span class=\"TextRun SCXO79112900 BCX0\" lang=\"SV\" xml:lang=\"SV\" data-contrast=\"auto\"><span class=\"NormalTextRun SCXO79112900 BCX0\">du kommer in med din vanliga portbricka<\/span><\/span><span class=\"TextRun SCXO79112900 BCX0\" lang=\"SV\" xml:lang=\"SV\" data-contrast=\"auto\"><span class=\"NormalTextRun SCXO79112900 BCX0\">.\u00a0<\/span><\/span><span class=\"EOP SCXO79112900 BCX0\">\u00a0<\/span><\/p>\n<p><strong>Regler f\u00f6r anv\u00e4ndandet av hobbyrummet\u00a0<\/strong><\/p>\n<ul style=\"font-weight: 400;\">\n<li data-aria-posinset=\"1\" data-aria-level=\"1\"><span data-contrast=\"auto\">Hobbyrummet\u00a0ma\u030aste\u00a0sta\u0308das\u00a0efter\u00a0anva\u0308ndning.\u00a0Arbetsba\u0308nkar\u00a0och\u00a0o\u0308vrig\u00a0inredning ska torkas av och eventuella\u00a0fa\u0308rgsta\u0308nk\u00a0ska tas bort. Golvet ska sopas efter\u00a0anva\u0308ndning. Byggdamm m.m.\u00a0fa\u030ar\u00a0ej\u00a0la\u0308mnas\u00a0i lokalen.\u00a0<\/span><\/li>\n<li data-aria-posinset=\"2\" data-aria-level=\"1\"><span data-contrast=\"auto\">Om du\u00a0ta\u0308nker\u00a0ma\u030ala\u00a0i hobbyrummet\u00a0ma\u030aste\u00a0tidningar eller\u00a0na\u030agonting\u00a0liknande\u00a0la\u0308ggas\u00a0ut\u00a0fo\u0308r\u00a0att skydda\u00a0arbetsba\u0308nkar\u00a0och golvet. Om\u00a0fa\u0308rg\u00a0a\u0308nda\u030a\u00a0sta\u0308nker\u00a0pa\u030a inredningen eller golvet\u00a0ma\u030aste\u00a0denna\u00a0omga\u030aende\u00a0tas bort.\u00a0<\/span><\/li>\n<li data-aria-posinset=\"3\" data-aria-level=\"1\"><span data-contrast=\"auto\">Fo\u0308reningen\u00a0tar inget ansvar\u00a0fo\u0308r\u00a0material, verktyg etc. som\u00a0la\u0308mnas\u00a0i hobbyrummet. Kom\u00a0iha\u030ag\u00a0att alla medlemmar kommer in i rummet.\u00a0<\/span><\/li>\n<li data-aria-posinset=\"4\" data-aria-level=\"1\"><span data-contrast=\"auto\">Skra\u0308p\u00a0fa\u030ar\u00a0ej\u00a0la\u0308mnas\u00a0i hobbyrummet efter utnyttjandetiden, utan\u00a0ma\u030aste\u00a0sla\u0308ngas\u00a0pa\u030a annan plats. Skrymmande byggavfall och kemikalier (fa\u0308rg,\u00a0lo\u0308sningsmedel\u00a0etc.)\u00a0fa\u030ar\u00a0ej kastas i\u00a0fo\u0308reningen, utan\u00a0ma\u030aste\u00a0deponeras\u00a0pa\u030a annan plats.\u00a0<\/span><\/li>\n<li data-aria-posinset=\"5\" data-aria-level=\"1\"><span data-contrast=\"auto\">Brandfarliga\u00a0va\u0308tskor\u00a0och gas\u00a0fa\u030ar\u00a0inte\u00a0la\u0308mnas\u00a0i rummet\u00a0o\u0308ver\u00a0huvud taget, utan\u00a0ma\u030aste\u00a0tas hem efter varje arbetspass.\u00a0<\/span><\/li>\n<li data-aria-posinset=\"6\" data-aria-level=\"1\"><span data-contrast=\"auto\">Trasor med linolja eller liknande\u00a0sja\u0308lvanta\u0308ndliga\u00a0eller brandfarliga\u00a0va\u0308tskor\u00a0ma\u030aste\u00a0sla\u0308ngas\u00a0sa\u0308kert\u00a0(blo\u0308tla\u0308gg\u00a0trasorna\u00a0na\u030agon\u00a0dag och kasta dem\u00a0fo\u0308rst\u00a0da\u0308refter).\u00a0<\/span><\/li>\n<li data-aria-posinset=\"7\" data-aria-level=\"1\"><span data-contrast=\"auto\">Hobbyrummet\u00a0fa\u030ar\u00a0inte\u00a0anva\u0308ndas\u00a0som\u00a0tempora\u0308rt\u00a0fo\u0308rra\u030ad\u00a0fo\u0308r\u00a0sa\u030adant\u00a0som inte har med rummets\u00a0<\/span><span data-contrast=\"auto\">syfte att\u00a0go\u0308ra\u00a0och inget material\u00a0fa\u030ar\u00a0la\u0308mnas\u00a0efter bokningstiden.\u00a0<\/span><\/li>\n<li data-aria-posinset=\"8\" data-aria-level=\"1\"><span data-contrast=\"auto\">Bostadsr\u00e4ttsf\u00f6reningen\u00a0fo\u0308rbeha\u030aller\u00a0sig\u00a0ra\u0308tten\u00a0att debitera medlemmar som bryter mot reglerna eventuella merkostnaden som\u00a0da\u0308rmed\u00a0uppsta\u030ar.\u00a0<\/span><\/li>\n<li data-aria-posinset=\"8\" data-aria-level=\"1\">All anv\u00e4ndning av maskiner i hobbyrummet sker p\u00e5 egen risk. Obeh\u00f6riga eller under\u00e5riga f\u00e5r ej vistas d\u00e4r utan medlems s\u00e4llskap.<\/li>\n<li data-aria-posinset=\"8\" data-aria-level=\"1\">Om du vill anv\u00e4nda en maskin, men \u00e4r os\u00e4ker p\u00e5 hur man anv\u00e4nder den s\u00e4kert, kontakta styrelsen.<\/li>\n<\/ul>\n<p>&nbsp;<\/p>\n","protected":false},"excerpt":{"rendered":"<p>I k\u00e4llaren p\u00e5 Bolmensv\u00e4gen 8 finns ett hobbyrum som \u00e4r tillg\u00e4ngligt f\u00f6r alla medlemmar. Rummet har tillg\u00e5ng till vatten. I\u00a0dagsl\u00e4get finns inget inf\u00f6rt bokningssystem, utan rummet \u00e4r \u00f6ppet kl. 8-20 varje dag. Ing\u00e5ng finns fr\u00e5n parken p\u00e5 fasaden som\u00a0v\u00e4tter\u00a0mot Bolmensv\u00e4gen 10 och\u00a0du kommer in med din vanliga portbricka.\u00a0\u00a0 Regler f\u00f6r anv\u00e4ndandet av hobbyrummet\u00a0 Hobbyrummet\u00a0ma\u030aste\u00a0sta\u0308das\u00a0efter\u00a0anva\u0308ndning.\u00a0Arbetsba\u0308nkar\u00a0och\u00a0o\u0308vrig\u00a0inredning ska [&hellip;]<\/p>\n","protected":false},"author":1,"featured_media":0,"parent":26,"menu_order":5,"comment_status":"closed","ping_status":"closed","template":"","meta":{"footnotes":""},"class_list":["post-2108","page","type-page","status-publish","hentry"],"_links":{"self":[{"href":"https:\/\/brfbolmen1.se\/index.php?rest_route=\/wp\/v2\/pages\/2108","targetHints":{"allow":["GET"]}}],"collection":[{"href":"https:\/\/brfbolmen1.se\/index.php?rest_route=\/wp\/v2\/pages"}],"about":[{"href":"https:\/\/brfbolmen1.se\/index.php?rest_route=\/wp\/v2\/types\/page"}],"author":[{"embeddable":true,"href":"https:\/\/brfbolmen1.se\/index.php?rest_route=\/wp\/v2\/users\/1"}],"replies":[{"embeddable":true,"href":"https:\/\/brfbolmen1.se\/index.php?rest_route=%2Fwp%2Fv2%2Fcomments&post=2108"}],"version-history":[{"count":3,"href":"https:\/\/brfbolmen1.se\/index.php?rest_route=\/wp\/v2\/pages\/2108\/revisions"}],"predecessor-version":[{"id":2439,"href":"https:\/\/brfbolmen1.se\/index.php?rest_route=\/wp\/v2\/pages\/2108\/revisions\/2439"}],"up":[{"embeddable":true,"href":"https:\/\/brfbolmen1.se\/index.php?rest_route=\/wp\/v2\/pages\/26"}],"wp:attachment":[{"href":"https:\/\/brfbolmen1.se\/index.php?rest_route=%2Fwp%2Fv2%2Fmedia&parent=2108"}],"curies":[{"name":"wp","href":"https:\/\/api.w.org\/{rel}","templated":true}]}}