{"id":35,"date":"2012-12-10T18:20:46","date_gmt":"2012-12-10T18:20:46","guid":{"rendered":"http:\/\/brfbolmen1.se\/?page_id=35"},"modified":"2025-10-12T01:00:27","modified_gmt":"2025-10-11T23:00:27","slug":"parkeringsplatser","status":"publish","type":"page","link":"https:\/\/brfbolmen1.se\/?page_id=35","title":{"rendered":"Parkeringsplatser"},"content":{"rendered":"<h3>Parkeringsplatser f\u00f6r uthyrning<\/h3>\n<p>F\u00f6reningen har 17 parkeringsplatser f\u00f6r uthyrning till boende i Brf Bolmen 1. Hyran ligger p\u00e5 750kr\/m\u00e5nad.<\/p>\n<p>Samtliga parkeringsplatser \u00e4r uthyrda och det \u00e4r k\u00f6 till lediga platser. Vill du st\u00e4lla dig i k\u00f6 s\u00e5 mejla ditt intresse till info@brfbolmen1.se<\/p>\n<p>Eftersom vi har begr\u00e4nsat antal parkeringsplatser och det ska bli s\u00e5 r\u00e4ttvist som m\u00f6jligt s\u00e5 g\u00e4ller max 1 parkeringsplats per l\u00e4genhet. Om du st\u00e5r i k\u00f6 och tackar nej till en ledig parkeringsplats hamnar du sist i k\u00f6n.<\/p>\n<p class=\"hide-if-no-js\">Hur v\u00e4ntelistan f\u00f6r parkeringsplatserna ser ut just nu g\u00e5r att se i Simpleko-portalen. Dokumentet hittas under Dokumenthanterare\/Information fr\u00e5n styrelsen\/K\u00f6lista f\u00f6r parkeringsplatser.<\/p>\n","protected":false},"excerpt":{"rendered":"<p>Parkeringsplatser f\u00f6r uthyrning F\u00f6reningen har 17 parkeringsplatser f\u00f6r uthyrning till boende i Brf Bolmen 1. Hyran ligger p\u00e5 750kr\/m\u00e5nad. Samtliga parkeringsplatser \u00e4r uthyrda och det \u00e4r k\u00f6 till lediga platser. Vill du st\u00e4lla dig i k\u00f6 s\u00e5 mejla ditt intresse till info@brfbolmen1.se Eftersom vi har begr\u00e4nsat antal parkeringsplatser och det ska bli s\u00e5 r\u00e4ttvist som [&hellip;]<\/p>\n","protected":false},"author":1,"featured_media":0,"parent":26,"menu_order":9,"comment_status":"closed","ping_status":"closed","template":"","meta":{"footnotes":""},"class_list":["post-35","page","type-page","status-publish","hentry"],"_links":{"self":[{"href":"https:\/\/brfbolmen1.se\/index.php?rest_route=\/wp\/v2\/pages\/35","targetHints":{"allow":["GET"]}}],"collection":[{"href":"https:\/\/brfbolmen1.se\/index.php?rest_route=\/wp\/v2\/pages"}],"about":[{"href":"https:\/\/brfbolmen1.se\/index.php?rest_route=\/wp\/v2\/types\/page"}],"author":[{"embeddable":true,"href":"https:\/\/brfbolmen1.se\/index.php?rest_route=\/wp\/v2\/users\/1"}],"replies":[{"embeddable":true,"href":"https:\/\/brfbolmen1.se\/index.php?rest_route=%2Fwp%2Fv2%2Fcomments&post=35"}],"version-history":[{"count":29,"href":"https:\/\/brfbolmen1.se\/index.php?rest_route=\/wp\/v2\/pages\/35\/revisions"}],"predecessor-version":[{"id":2370,"href":"https:\/\/brfbolmen1.se\/index.php?rest_route=\/wp\/v2\/pages\/35\/revisions\/2370"}],"up":[{"embeddable":true,"href":"https:\/\/brfbolmen1.se\/index.php?rest_route=\/wp\/v2\/pages\/26"}],"wp:attachment":[{"href":"https:\/\/brfbolmen1.se\/index.php?rest_route=%2Fwp%2Fv2%2Fmedia&parent=35"}],"curies":[{"name":"wp","href":"https:\/\/api.w.org\/{rel}","templated":true}]}}