{"id":46,"date":"2012-12-10T18:30:48","date_gmt":"2012-12-10T18:30:48","guid":{"rendered":"http:\/\/brfbolmen1.se\/?page_id=46"},"modified":"2026-01-18T14:08:45","modified_gmt":"2026-01-18T13:08:45","slug":"andrahandsuthyrning","status":"publish","type":"page","link":"https:\/\/brfbolmen1.se\/?page_id=46","title":{"rendered":"Andrahandsuthyrning"},"content":{"rendered":"<div>\n<h3>Regler och ans\u00f6kan<\/h3>\n<p>F\u00f6rfr\u00e5gan om tillst\u00e5nd att hyra ut bostadsr\u00e4tt eller hyresr\u00e4tt ska g\u00f6ras hos styrelsen genom f\u00f6reningens ekonomiska f\u00f6rvaltare Simpleko. F\u00f6r tillst\u00e5nd kr\u00e4vs, enligt lag, sk\u00e4l som ska anges och bestyrkas i ans\u00f6kan. Ans\u00f6kan ska \u00e4ven inneh\u00e5lla uppgifter om andrahandshyresg\u00e4sten.<\/p>\n<p>T\u00e4nk p\u00e5 att andrahandsuthyrningar utan tillst\u00e5nd kan leda till att kontrakstinnehavaren\/\u00e4garen f\u00f6rlorar sin nyttjander\u00e4tt och att det alltid \u00e4r kontraktsinnehavaren\/\u00e4garen som \u00e4r ansvarig f\u00f6r att att hyran\/avgiften betalas till f\u00f6reningen.<\/p>\n<p><span class=\"TextRun SCXO217294216 BCX9\" lang=\"SV-SE\" xml:lang=\"SV-SE\" data-contrast=\"auto\"><span class=\"NormalTextRun SCXO217294216 BCX9\">Vi f\u00e5r in m\u00e5nga f\u00f6rfr\u00e5gningar om andrahandsuthyrning. I och med detta har styrelsen valt att ta ut en avgift n\u00e4r l\u00e4genheter hyrs ut. I enlighet med stadgarna (16 \u00a7) uppg\u00e5r denna till 10% av prisbasbelopp per \u00e5r.<\/span><\/span><span class=\"EOP SCXO217294216 BCX9\">\u00a0<\/span><\/p>\n<\/div>\n<div>\n<h3>Sk\u00e4l till andrahandsuthyrning<\/h3>\n<p>Sk\u00e4l att hyra ut sin l\u00e4genhet kan till exempel vara:<br \/>\nstudier p\u00e5 annan ort (bestyrks med antagningshandling), arbete p\u00e5 annan ort, ej pendlingsavst\u00e5nd (bestyrks med arbetgivarintyg), provsambo (personuppgifter och adress f\u00f6r sambo ska anges), beaktansv\u00e4rda familjeangel\u00e4genheter, s\u00e5som v\u00e5rd av anh\u00f6rig, vistelse utomlands (bestyrks med biljetthandlingar och ev l\u00e4karintyg).<\/p>\n<p>Tillst\u00e5nd f\u00f6r andrahandsuthyrning \u00e4r alltid tidsbegr\u00e4nsad, normalt 6 m\u00e5n-1 \u00e5r.<\/p>\n<h3>Ans\u00f6kan<\/h3>\n<\/div>\n<div>\n<p>Ans\u00f6kan g\u00f6rs i <a href=\"https:\/\/portal.simpleko.se\/kundportal\/login\">Simplekos kundportal<\/a>\u00a0som alla f\u00f6reningens medlemmar har tillg\u00e5ng till. Inlogg g\u00f6rs med BankID.<\/p>\n<p><span data-contrast=\"auto\">Som medlem\u00a0<\/span><span data-contrast=\"auto\">logga<\/span><span data-contrast=\"auto\">r<\/span><span data-contrast=\"auto\">\u00a0<\/span><span data-contrast=\"auto\">du in p\u00e5 din l\u00e4genhet och fyller i ans\u00f6kan om\u00a0<\/span><span data-contrast=\"auto\">andrahandsuthyrning.<\/span><br \/>\n<span data-contrast=\"auto\">D\u00e5\u00a0<\/span><span data-contrast=\"auto\">skapas\u00a0<\/span><span data-contrast=\"auto\">det ett \u00e4rende, till det beh\u00f6ver du ladda upp och bifoga\u00a0<\/span><span data-contrast=\"auto\">kontraktet<\/span><span data-contrast=\"auto\">.<\/span><\/p>\n<ol>\n<li>G\u00e5 in p\u00e5 &#8221;Din l\u00e4genhet\/lokal&#8221;<\/li>\n<li>Till h\u00f6ger p\u00e5 sidan finns knappen &#8221;Ans\u00f6kan om andrahandsuthyrning&#8221;<\/li>\n<li>Fyll i uppgifterna: l\u00e4genhet som ska hyras ut, uthyrningsperiod, antal personer i hush\u00e5llet, kontaktuppgifter till andrahandshyresg\u00e4sten samt sk\u00e4l till uthyrningen.<\/li>\n<\/ol>\n<p><span data-contrast=\"auto\">\u00c4rendet g\u00e5r vidare till styrelsen och till\u00a0<\/span><span data-contrast=\"auto\">ansvarig\u00a0<\/span><span data-contrast=\"auto\">p\u00e5<\/span><span data-contrast=\"auto\">\u00a0Simpleko.\u00a0<\/span><span data-ccp-props=\"{&quot;201341983&quot;:0,&quot;335559739&quot;:160,&quot;335559740&quot;:259}\">\u00a0<\/span><\/p>\n<h3>Medgivande fr\u00e5n styrelsen och Simpleko<\/h3>\n<\/div>\n<div>\n<p>Handl\u00e4ggningstiden f\u00f6r andrahandsans\u00f6kan \u00e4r cirka fyra veckor, fr\u00e5n det att styrelsen och Simpleko mottagit ans\u00f6kan, f\u00f6rutsatt att den \u00e4r korrekt ifylld och alla handlingar \u00e4r bifogade. Ta g\u00e4rna detta i beaktande i planeringen.<\/p>\n<\/div>\n","protected":false},"excerpt":{"rendered":"<p>Regler och ans\u00f6kan F\u00f6rfr\u00e5gan om tillst\u00e5nd att hyra ut bostadsr\u00e4tt eller hyresr\u00e4tt ska g\u00f6ras hos styrelsen genom f\u00f6reningens ekonomiska f\u00f6rvaltare Simpleko. F\u00f6r tillst\u00e5nd kr\u00e4vs, enligt lag, sk\u00e4l som ska anges och bestyrkas i ans\u00f6kan. Ans\u00f6kan ska \u00e4ven inneh\u00e5lla uppgifter om andrahandshyresg\u00e4sten. T\u00e4nk p\u00e5 att andrahandsuthyrningar utan tillst\u00e5nd kan leda till att kontrakstinnehavaren\/\u00e4garen f\u00f6rlorar sin nyttjander\u00e4tt [&hellip;]<\/p>\n","protected":false},"author":1,"featured_media":0,"parent":26,"menu_order":1,"comment_status":"closed","ping_status":"closed","template":"","meta":{"footnotes":""},"class_list":["post-46","page","type-page","status-publish","hentry"],"_links":{"self":[{"href":"https:\/\/brfbolmen1.se\/index.php?rest_route=\/wp\/v2\/pages\/46","targetHints":{"allow":["GET"]}}],"collection":[{"href":"https:\/\/brfbolmen1.se\/index.php?rest_route=\/wp\/v2\/pages"}],"about":[{"href":"https:\/\/brfbolmen1.se\/index.php?rest_route=\/wp\/v2\/types\/page"}],"author":[{"embeddable":true,"href":"https:\/\/brfbolmen1.se\/index.php?rest_route=\/wp\/v2\/users\/1"}],"replies":[{"embeddable":true,"href":"https:\/\/brfbolmen1.se\/index.php?rest_route=%2Fwp%2Fv2%2Fcomments&post=46"}],"version-history":[{"count":22,"href":"https:\/\/brfbolmen1.se\/index.php?rest_route=\/wp\/v2\/pages\/46\/revisions"}],"predecessor-version":[{"id":2437,"href":"https:\/\/brfbolmen1.se\/index.php?rest_route=\/wp\/v2\/pages\/46\/revisions\/2437"}],"up":[{"embeddable":true,"href":"https:\/\/brfbolmen1.se\/index.php?rest_route=\/wp\/v2\/pages\/26"}],"wp:attachment":[{"href":"https:\/\/brfbolmen1.se\/index.php?rest_route=%2Fwp%2Fv2%2Fmedia&parent=46"}],"curies":[{"name":"wp","href":"https:\/\/api.w.org\/{rel}","templated":true}]}}