{"id":505,"date":"2014-01-26T10:08:44","date_gmt":"2014-01-26T10:08:44","guid":{"rendered":"http:\/\/brfbolmen1.se\/?page_id=505"},"modified":"2025-08-19T18:15:25","modified_gmt":"2025-08-19T16:15:25","slug":"arsredovisning","status":"publish","type":"page","link":"https:\/\/brfbolmen1.se\/?page_id=505","title":{"rendered":"\u00c5rsredovisning"},"content":{"rendered":"<p><a href=\"http:\/\/brfbolmen1.se\/wp-content\/uploads\/2025\/08\/Brf-Bolmen-1-769618-3008-Arsredovisning-2024.pdf\">\u00c5rsredovisning 2024<\/a><\/p>\n<p><a href=\"http:\/\/brfbolmen1.se\/wp-content\/uploads\/2024\/06\/Brf-Bolmen-1-769618-3008-Arsredovisning-Med-Revisionsberattelse-2023.pdf\">\u00c5rsredovisning 2023<\/a><\/p>\n<p><a href=\"http:\/\/brfbolmen1.se\/wp-content\/uploads\/2023\/04\/Brf-Bolmen-1-Arsredovisning-2022.pdf\">\u00c5rsredovisning 2022<\/a><\/p>\n<p><a href=\"http:\/\/brfbolmen1.se\/wp-content\/uploads\/2022\/11\/BRF-Bolmen1-aresredovisning-2021-1.pdf\">\u00c5rsredovisning 2021<\/a><\/p>\n<p><a href=\"http:\/\/brfbolmen1.se\/wp-content\/uploads\/\u00c5rsst\u00e4mmor\/2021\/202105111159.pdf\">\u00c5rsredovisning 2020<\/a><\/p>\n<p><a href=\"http:\/\/brfbolmen1.se\/wp-content\/uploads\/%C3%85rsst%C3%A4mmor\/2020\/a%CC%8Arsredovisning-2019.pdf\">\u00c5rsredovisning 2019<\/a><\/p>\n<p><a href=\"http:\/\/brfbolmen1.se\/wp-content\/uploads\/\u00c5rsst\u00e4mmor\/2019\/\u00c5rsredovisning-Brf-Bolmen-1-2018.pdf\">\u00c5rsredovisning 2018<\/a><\/p>\n<p><a href=\"http:\/\/brfbolmen1.se\/wp-content\/uploads\/\u00c5rsst\u00e4mmor\/2018\/2017-2018-02-14_1.pdf\" target=\"_blank\" rel=\"noopener noreferrer\">\u00c5rsredovisning 2017<\/a><\/p>\n<p><a href=\"http:\/\/brfbolmen1.se\/wp-content\/uploads\/\u00c5rsst\u00e4mmor\/2017\/C385rsredovisning20201620Brf20Bolmen201.pdf\">\u00c5rsredovisning 2016<\/a><\/p>\n<p><a href=\"http:\/\/brfbolmen1.se\/wp-content\/uploads\/\u00c5rsst\u00e4mmor\/2016\/ACC8Arsredovisning202015.pdf\">\u00c5rsredovisning 2015<\/a><\/p>\n<p><a href=\"http:\/\/brfbolmen1.se\/wp-content\/uploads\/\u00c5rsst\u00e4mmor\/2015\/Arsredovisning-2014-brfbolmen1.pdf\">\u00c5rsredovisning 2014<\/a><\/p>\n<p><a href=\"http:\/\/brfbolmen1.se\/wp-content\/uploads\/\u00c5rsst\u00e4mmor\/2014\/\u00c5rsredovisning_2013_Brf_Bolmen_1.pdf\">\u00c5rsredovisning 2013<\/a><\/p>\n<p><a href=\"http:\/\/brfbolmen1.se\/wp-content\/uploads\/\u00c5rsst\u00e4mmor\/2013\/\u00c5rsredovisning-Brf-Bolmen-1-20121.pdf\">\u00c5rsredovisning 2012<\/a><\/p>\n","protected":false},"excerpt":{"rendered":"<p>\u00c5rsredovisning 2024 \u00c5rsredovisning 2023 \u00c5rsredovisning 2022 \u00c5rsredovisning 2021 \u00c5rsredovisning 2020 \u00c5rsredovisning 2019 \u00c5rsredovisning 2018 \u00c5rsredovisning 2017 \u00c5rsredovisning 2016 \u00c5rsredovisning 2015 \u00c5rsredovisning 2014 \u00c5rsredovisning 2013 \u00c5rsredovisning 2012<\/p>\n","protected":false},"author":1,"featured_media":0,"parent":2,"menu_order":5,"comment_status":"closed","ping_status":"closed","template":"","meta":{"footnotes":""},"class_list":["post-505","page","type-page","status-publish","hentry"],"_links":{"self":[{"href":"https:\/\/brfbolmen1.se\/index.php?rest_route=\/wp\/v2\/pages\/505","targetHints":{"allow":["GET"]}}],"collection":[{"href":"https:\/\/brfbolmen1.se\/index.php?rest_route=\/wp\/v2\/pages"}],"about":[{"href":"https:\/\/brfbolmen1.se\/index.php?rest_route=\/wp\/v2\/types\/page"}],"author":[{"embeddable":true,"href":"https:\/\/brfbolmen1.se\/index.php?rest_route=\/wp\/v2\/users\/1"}],"replies":[{"embeddable":true,"href":"https:\/\/brfbolmen1.se\/index.php?rest_route=%2Fwp%2Fv2%2Fcomments&post=505"}],"version-history":[{"count":25,"href":"https:\/\/brfbolmen1.se\/index.php?rest_route=\/wp\/v2\/pages\/505\/revisions"}],"predecessor-version":[{"id":2305,"href":"https:\/\/brfbolmen1.se\/index.php?rest_route=\/wp\/v2\/pages\/505\/revisions\/2305"}],"up":[{"embeddable":true,"href":"https:\/\/brfbolmen1.se\/index.php?rest_route=\/wp\/v2\/pages\/2"}],"wp:attachment":[{"href":"https:\/\/brfbolmen1.se\/index.php?rest_route=%2Fwp%2Fv2%2Fmedia&parent=505"}],"curies":[{"name":"wp","href":"https:\/\/api.w.org\/{rel}","templated":true}]}}