{"id":67,"date":"2013-01-04T17:03:38","date_gmt":"2013-01-04T17:03:38","guid":{"rendered":"http:\/\/brfbolmen1.se\/?page_id=67"},"modified":"2025-10-12T00:46:41","modified_gmt":"2025-10-11T22:46:41","slug":"stadgar","status":"publish","type":"page","link":"https:\/\/brfbolmen1.se\/?page_id=67","title":{"rendered":"Stadgar"},"content":{"rendered":"<h4><a href=\"http:\/\/brfbolmen1.se\/wp-content\/uploads\/2022\/12\/Stadgar.pdf\">Nya stadgar antagna p\u00e5 \u00e5rsst\u00e4mma 2021 och 2022<\/a><\/h4>\n<h4><a href=\"http:\/\/brfbolmen1.se\/wp-content\/uploads\/Info\/Stadgar\/Stadgar-2015-2016.pdf\">Gamla Stadgarna<\/a><\/h4>\n","protected":false},"excerpt":{"rendered":"<p>Nya stadgar antagna p\u00e5 \u00e5rsst\u00e4mma 2021 och 2022 Gamla Stadgarna<\/p>\n","protected":false},"author":1,"featured_media":0,"parent":2,"menu_order":3,"comment_status":"closed","ping_status":"closed","template":"","meta":{"footnotes":""},"class_list":["post-67","page","type-page","status-publish","hentry"],"_links":{"self":[{"href":"https:\/\/brfbolmen1.se\/index.php?rest_route=\/wp\/v2\/pages\/67","targetHints":{"allow":["GET"]}}],"collection":[{"href":"https:\/\/brfbolmen1.se\/index.php?rest_route=\/wp\/v2\/pages"}],"about":[{"href":"https:\/\/brfbolmen1.se\/index.php?rest_route=\/wp\/v2\/types\/page"}],"author":[{"embeddable":true,"href":"https:\/\/brfbolmen1.se\/index.php?rest_route=\/wp\/v2\/users\/1"}],"replies":[{"embeddable":true,"href":"https:\/\/brfbolmen1.se\/index.php?rest_route=%2Fwp%2Fv2%2Fcomments&post=67"}],"version-history":[{"count":9,"href":"https:\/\/brfbolmen1.se\/index.php?rest_route=\/wp\/v2\/pages\/67\/revisions"}],"predecessor-version":[{"id":2353,"href":"https:\/\/brfbolmen1.se\/index.php?rest_route=\/wp\/v2\/pages\/67\/revisions\/2353"}],"up":[{"embeddable":true,"href":"https:\/\/brfbolmen1.se\/index.php?rest_route=\/wp\/v2\/pages\/2"}],"wp:attachment":[{"href":"https:\/\/brfbolmen1.se\/index.php?rest_route=%2Fwp%2Fv2%2Fmedia&parent=67"}],"curies":[{"name":"wp","href":"https:\/\/api.w.org\/{rel}","templated":true}]}}