{"id":928,"date":"2016-06-02T21:35:40","date_gmt":"2016-06-02T21:35:40","guid":{"rendered":"http:\/\/brfbolmen1.se\/?page_id=928"},"modified":"2025-10-12T00:53:24","modified_gmt":"2025-10-11T22:53:24","slug":"trivselregler-balkong-och-uteplats","status":"publish","type":"page","link":"https:\/\/brfbolmen1.se\/?page_id=928","title":{"rendered":"Balkong och uteplats"},"content":{"rendered":"<p>H\u00e4r f\u00f6ljer instruktion f\u00f6r underh\u00e5ll av ek-tr\u00f6skeln samt trivselregler.<\/p>\n<header class=\"entry-header\">\n<h3 class=\"entry-title\">Underh\u00e5ll av ek-tr\u00f6skel<\/h3>\n<\/header>\n<div class=\"entry-content\">\n<div class=\"page\" title=\"Page 1\">\n<div class=\"layoutArea\">\n<div class=\"column\">\n<p>1. G\u00f6r rent och f\u00f6rbehandla<\/p>\n<p>Tv\u00e4tta b\u00e5de nytt och gammalt tr\u00e4 med Delfin Trallrent fr\u00e5n Alcro eller likv\u00e4rdig produkt. Sk\u00f6lj noga med vatten. (http:\/\/www.alcro.se\/Utomhus\/Arbetsomraden\/Rengoring\/Rengoring\/Delfin-trallrent\/)<\/p>\n<p>2. Applicera oljan<\/p>\n<p>Anv\u00e4nd \u00e4deltr\u00e4olja som \u00e4r till f\u00f6r ek. T ex \u00c4del Tr\u00e4olja fr\u00e5n Alcro eller likv\u00e4rdig produkt. (http:\/\/www.alcro.se\/Utomhus\/Arbetsomraden\/UtemoblerTrall\/UtemoblerTrall\/Adel-Traolja\/)<\/p>\n<p>Se till att underlaget \u00e4r torrt. Skaka burken eller r\u00f6r om f\u00f6re anv\u00e4ndning samt \u00e4ven d\u00e5 och d\u00e5 under arbetets g\u00e5ng. Anv\u00e4nd en fyllig pensel eller trasa. Applicera oljan tills tr\u00e4et \u00e4r m\u00e4ttat och inte suger mer. \u00d6verskottsolja som finns kvar efter 15-20 minuter torkar du bort med en trasa. Om tr\u00e4et \u00e4r mycket uttorkat \u00e4r det bra att behandla en extra g\u00e5ng efter n\u00e5gon vecka. Applicera oljan n\u00e4r det \u00e4r mellan +10 grader och +25 grader och risken f\u00f6r regn inom de n\u00e4rmaste dygnen \u00e4r liten. OBS! Om det kommer regn p\u00e5 den behandlade ytan inom n\u00e5gra dygn, torka av med en trasa eller liknande f\u00f6r att undvika att vita fl\u00e4ckar uppst\u00e5r.<\/p>\n<p>OM OLJAN INNEH\u00c5LLER LINOLJA FINNS RISK F\u00d6R SJ\u00c4LVANT\u00c4NDNING.<br \/>\nL\u00e4gg d\u00e5 anv\u00e4nda trasor, trassel m m i vatten eller elda upp dem.<\/p>\n<\/div>\n<\/div>\n<\/div>\n<\/div>\n<p><img loading=\"lazy\" decoding=\"async\" class=\"alignnone wp-image-1947 size-full\" src=\"http:\/\/brfbolmen1.se\/wp-content\/uploads\/2020\/08\/Trivselregler2.jpg\" alt=\"trivselregler_balkong_2020\" width=\"1239\" height=\"1754\" srcset=\"https:\/\/brfbolmen1.se\/wp-content\/uploads\/2020\/08\/Trivselregler2.jpg 1239w, https:\/\/brfbolmen1.se\/wp-content\/uploads\/2020\/08\/Trivselregler2-212x300.jpg 212w, https:\/\/brfbolmen1.se\/wp-content\/uploads\/2020\/08\/Trivselregler2-723x1024.jpg 723w, https:\/\/brfbolmen1.se\/wp-content\/uploads\/2020\/08\/Trivselregler2-768x1087.jpg 768w, https:\/\/brfbolmen1.se\/wp-content\/uploads\/2020\/08\/Trivselregler2-600x849.jpg 600w, https:\/\/brfbolmen1.se\/wp-content\/uploads\/2020\/08\/Trivselregler2-1085x1536.jpg 1085w\" sizes=\"auto, (max-width: 1239px) 100vw, 1239px\" \/><\/p>\n<header class=\"entry-header\"><\/header>\n<div class=\"entry-content\"><\/div>\n","protected":false},"excerpt":{"rendered":"<p>H\u00e4r f\u00f6ljer instruktion f\u00f6r underh\u00e5ll av ek-tr\u00f6skeln samt trivselregler. Underh\u00e5ll av ek-tr\u00f6skel 1. G\u00f6r rent och f\u00f6rbehandla Tv\u00e4tta b\u00e5de nytt och gammalt tr\u00e4 med Delfin Trallrent fr\u00e5n Alcro eller likv\u00e4rdig produkt. Sk\u00f6lj noga med vatten. (http:\/\/www.alcro.se\/Utomhus\/Arbetsomraden\/Rengoring\/Rengoring\/Delfin-trallrent\/) 2. Applicera oljan Anv\u00e4nd \u00e4deltr\u00e4olja som \u00e4r till f\u00f6r ek. T ex \u00c4del Tr\u00e4olja fr\u00e5n Alcro eller likv\u00e4rdig produkt. [&hellip;]<\/p>\n","protected":false},"author":1,"featured_media":0,"parent":26,"menu_order":2,"comment_status":"closed","ping_status":"closed","template":"","meta":{"footnotes":""},"class_list":["post-928","page","type-page","status-publish","hentry"],"_links":{"self":[{"href":"https:\/\/brfbolmen1.se\/index.php?rest_route=\/wp\/v2\/pages\/928","targetHints":{"allow":["GET"]}}],"collection":[{"href":"https:\/\/brfbolmen1.se\/index.php?rest_route=\/wp\/v2\/pages"}],"about":[{"href":"https:\/\/brfbolmen1.se\/index.php?rest_route=\/wp\/v2\/types\/page"}],"author":[{"embeddable":true,"href":"https:\/\/brfbolmen1.se\/index.php?rest_route=\/wp\/v2\/users\/1"}],"replies":[{"embeddable":true,"href":"https:\/\/brfbolmen1.se\/index.php?rest_route=%2Fwp%2Fv2%2Fcomments&post=928"}],"version-history":[{"count":12,"href":"https:\/\/brfbolmen1.se\/index.php?rest_route=\/wp\/v2\/pages\/928\/revisions"}],"predecessor-version":[{"id":2359,"href":"https:\/\/brfbolmen1.se\/index.php?rest_route=\/wp\/v2\/pages\/928\/revisions\/2359"}],"up":[{"embeddable":true,"href":"https:\/\/brfbolmen1.se\/index.php?rest_route=\/wp\/v2\/pages\/26"}],"wp:attachment":[{"href":"https:\/\/brfbolmen1.se\/index.php?rest_route=%2Fwp%2Fv2%2Fmedia&parent=928"}],"curies":[{"name":"wp","href":"https:\/\/api.w.org\/{rel}","templated":true}]}}